{"id":1061,"date":"2023-01-29T14:32:10","date_gmt":"2023-01-29T14:32:10","guid":{"rendered":"http:\/\/handreamade.de\/?page_id=1061"},"modified":"2023-01-29T16:22:37","modified_gmt":"2023-01-29T16:22:37","slug":"veranstaltungen-fuer-erwachsene","status":"publish","type":"page","link":"http:\/\/handreamade.de\/?page_id=1061","title":{"rendered":"Veranstaltungen f\u00fcr Erwachsene"},"content":{"rendered":"\n<p> <\/p>\n\n\n\n<p>Kreative Gestaltungsangebote eignen sich hervorragend zur F\u00f6rderung der Pers\u00f6nlichkeitsentwicklung.<\/p>\n\n\n\n<p>Reflexion der eigenen Werte, \u00dcberzeugungen und Ziele<\/p>\n\n\n\n<p>Durch den Besuch gestalterischer Angebote kann die eigene Komfortzone verlassen nund neue F\u00e4higkeiten erlernt werden.<\/p>\n\n\n\n<p>Durch das Gestalten und Schaffen eigener Kreationen in Verbindung mit der Offenheit, sich auf Selbstreflexion und Introspektive einzulassen, werden eigene Werte, \u00dcberzeugungen und Ziele reflektiert.<\/p>\n\n\n\n<p>Auf diese Weise wird die Basis daf\u00fcr geschaffen, fortw\u00e4hrend Anpassungen an den eigenen Selbstwert und das Selbstvertrauen vorzunehmen und die F\u00e4higkeit der Steuerung pers\u00f6nlicher Entwicklungsziele erm\u00f6glicht.<\/p>\n\n\n\n<p>Dabei ist es v\u00f6llig unerheblich, um welche Gestalterische T\u00e4tigkeit es sich handelt. Grundsvoraussetzung ist lediglich die Freude am Tun und des experimentellen Ausprobierens mit einem bisher nur wenig oder unbekannten Materialien oder Techniken.<\/p>\n\n\n\n<div class=\"wp-block-group alignwide\"><div class=\"wp-block-group__inner-container is-layout-constrained wp-block-group-is-layout-constrained\">\n<div class=\"wp-block-group alignfull\"><div class=\"wp-block-group__inner-container is-layout-constrained wp-block-group-is-layout-constrained\">\n<div class=\"wp-block-columns alignwide is-layout-flex wp-container-core-columns-is-layout-9d6595d7 wp-block-columns-is-layout-flex\">\n<div class=\"wp-block-column is-layout-flow wp-block-column-is-layout-flow\" style=\"flex-basis:100%\"><div class=\"wp-block-image\">\n<figure class=\"aligncenter size-large\"><img loading=\"lazy\" decoding=\"async\" width=\"1024\" height=\"1024\" src=\"http:\/\/handreamade.de\/wp-content\/uploads\/2021\/03\/inCollage_20210221_082818694-1024x1024.jpg\" alt=\"\" class=\"wp-image-1026\" srcset=\"http:\/\/handreamade.de\/wp-content\/uploads\/2021\/03\/inCollage_20210221_082818694-1024x1024.jpg 1024w, http:\/\/handreamade.de\/wp-content\/uploads\/2021\/03\/inCollage_20210221_082818694-300x300.jpg 300w, http:\/\/handreamade.de\/wp-content\/uploads\/2021\/03\/inCollage_20210221_082818694-150x150.jpg 150w, http:\/\/handreamade.de\/wp-content\/uploads\/2021\/03\/inCollage_20210221_082818694-768x768.jpg 768w, http:\/\/handreamade.de\/wp-content\/uploads\/2021\/03\/inCollage_20210221_082818694-1536x1536.jpg 1536w, http:\/\/handreamade.de\/wp-content\/uploads\/2021\/03\/inCollage_20210221_082818694.jpg 1920w\" sizes=\"auto, (max-width: 1024px) 100vw, 1024px\" \/><figcaption class=\"wp-element-caption\">Schmuck aus Metalldraht<\/figcaption><\/figure>\n<\/div>\n\n<div class=\"wp-block-image\">\n<figure class=\"alignright size-large\"><img loading=\"lazy\" decoding=\"async\" width=\"1024\" height=\"1024\" src=\"http:\/\/handreamade.de\/wp-content\/uploads\/2021\/03\/inCollage_20200314_155608144-1024x1024.jpg\" alt=\"\" class=\"wp-image-997\" srcset=\"http:\/\/handreamade.de\/wp-content\/uploads\/2021\/03\/inCollage_20200314_155608144-1024x1024.jpg 1024w, http:\/\/handreamade.de\/wp-content\/uploads\/2021\/03\/inCollage_20200314_155608144-300x300.jpg 300w, http:\/\/handreamade.de\/wp-content\/uploads\/2021\/03\/inCollage_20200314_155608144-150x150.jpg 150w, http:\/\/handreamade.de\/wp-content\/uploads\/2021\/03\/inCollage_20200314_155608144-768x768.jpg 768w, http:\/\/handreamade.de\/wp-content\/uploads\/2021\/03\/inCollage_20200314_155608144-1536x1536.jpg 1536w, http:\/\/handreamade.de\/wp-content\/uploads\/2021\/03\/inCollage_20200314_155608144.jpg 1920w\" sizes=\"auto, (max-width: 1024px) 100vw, 1024px\" \/><figcaption class=\"wp-element-caption\">Erste Versuche im Weiden flechten<\/figcaption><\/figure>\n<\/div>\n\n<div class=\"wp-block-image\">\n<figure class=\"alignright size-large\"><img loading=\"lazy\" decoding=\"async\" width=\"1024\" height=\"1024\" src=\"http:\/\/handreamade.de\/wp-content\/uploads\/2021\/03\/Klarmann_Augabe-_1_Drahtfiguren-1024x1024.jpg\" alt=\"\" class=\"wp-image-1027\" srcset=\"http:\/\/handreamade.de\/wp-content\/uploads\/2021\/03\/Klarmann_Augabe-_1_Drahtfiguren-1024x1024.jpg 1024w, http:\/\/handreamade.de\/wp-content\/uploads\/2021\/03\/Klarmann_Augabe-_1_Drahtfiguren-300x300.jpg 300w, http:\/\/handreamade.de\/wp-content\/uploads\/2021\/03\/Klarmann_Augabe-_1_Drahtfiguren-150x150.jpg 150w, http:\/\/handreamade.de\/wp-content\/uploads\/2021\/03\/Klarmann_Augabe-_1_Drahtfiguren-768x768.jpg 768w, http:\/\/handreamade.de\/wp-content\/uploads\/2021\/03\/Klarmann_Augabe-_1_Drahtfiguren-1536x1536.jpg 1536w, http:\/\/handreamade.de\/wp-content\/uploads\/2021\/03\/Klarmann_Augabe-_1_Drahtfiguren.jpg 1920w\" sizes=\"auto, (max-width: 1024px) 100vw, 1024px\" \/><figcaption class=\"wp-element-caption\">Einlinien-Figuren aus Aludraht<\/figcaption><\/figure>\n<\/div>\n\n<div class=\"wp-block-image\">\n<figure class=\"alignright size-large\"><img loading=\"lazy\" decoding=\"async\" width=\"1024\" height=\"1024\" src=\"http:\/\/handreamade.de\/wp-content\/uploads\/2021\/03\/inCollage_20200527_221623046-1-1024x1024.jpg\" alt=\"\" class=\"wp-image-1002\" srcset=\"http:\/\/handreamade.de\/wp-content\/uploads\/2021\/03\/inCollage_20200527_221623046-1-1024x1024.jpg 1024w, http:\/\/handreamade.de\/wp-content\/uploads\/2021\/03\/inCollage_20200527_221623046-1-300x300.jpg 300w, http:\/\/handreamade.de\/wp-content\/uploads\/2021\/03\/inCollage_20200527_221623046-1-150x150.jpg 150w, http:\/\/handreamade.de\/wp-content\/uploads\/2021\/03\/inCollage_20200527_221623046-1-768x768.jpg 768w, http:\/\/handreamade.de\/wp-content\/uploads\/2021\/03\/inCollage_20200527_221623046-1-1536x1536.jpg 1536w, http:\/\/handreamade.de\/wp-content\/uploads\/2021\/03\/inCollage_20200527_221623046-1.jpg 1920w\" sizes=\"auto, (max-width: 1024px) 100vw, 1024px\" \/><figcaption class=\"wp-element-caption\">Fertig gestaltete Medaillons und Anh\u00e4nger<\/figcaption><\/figure>\n<\/div><\/div>\n<\/div>\n<\/div><\/div>\n<\/div><\/div>\n\n\n\n<p><\/p>\n\n\n\n<p><\/p>\n\n\n\n<p><\/p>\n\n\n\n<p><\/p>\n\n\n\n<p><\/p>\n\n\n\n<p><\/p>\n","protected":false},"excerpt":{"rendered":"<p>Kreative Gestaltungsangebote eignen sich hervorragend zur F\u00f6rderung der Pers\u00f6nlichkeitsentwicklung. Reflexion der eigenen Werte, \u00dcberzeugungen und Ziele Durch den Besuch gestalterischer Angebote kann die eigene Komfortzone verlassen nund neue F\u00e4higkeiten erlernt werden. Durch das Gestalten und Schaffen eigener Kreationen in Verbindung mit der Offenheit, sich auf Selbstreflexion und Introspektive einzulassen, werden eigene Werte, \u00dcberzeugungen und Ziele <a class=\"more-link\" href=\"http:\/\/handreamade.de\/?page_id=1061\">weiterlesen&#8230;<\/a><\/p>\n","protected":false},"author":1,"featured_media":0,"parent":0,"menu_order":2,"comment_status":"closed","ping_status":"closed","template":"","meta":{"footnotes":""},"class_list":["post-1061","page","type-page","status-publish","hentry"],"_links":{"self":[{"href":"http:\/\/handreamade.de\/index.php?rest_route=\/wp\/v2\/pages\/1061","targetHints":{"allow":["GET"]}}],"collection":[{"href":"http:\/\/handreamade.de\/index.php?rest_route=\/wp\/v2\/pages"}],"about":[{"href":"http:\/\/handreamade.de\/index.php?rest_route=\/wp\/v2\/types\/page"}],"author":[{"embeddable":true,"href":"http:\/\/handreamade.de\/index.php?rest_route=\/wp\/v2\/users\/1"}],"replies":[{"embeddable":true,"href":"http:\/\/handreamade.de\/index.php?rest_route=%2Fwp%2Fv2%2Fcomments&post=1061"}],"version-history":[{"count":4,"href":"http:\/\/handreamade.de\/index.php?rest_route=\/wp\/v2\/pages\/1061\/revisions"}],"predecessor-version":[{"id":1068,"href":"http:\/\/handreamade.de\/index.php?rest_route=\/wp\/v2\/pages\/1061\/revisions\/1068"}],"wp:attachment":[{"href":"http:\/\/handreamade.de\/index.php?rest_route=%2Fwp%2Fv2%2Fmedia&parent=1061"}],"curies":[{"name":"wp","href":"https:\/\/api.w.org\/{rel}","templated":true}]}}