{"id":391,"date":"2017-07-06T17:00:12","date_gmt":"2017-07-06T17:00:12","guid":{"rendered":"http:\/\/handreamade.de\/?page_id=391"},"modified":"2021-03-21T16:58:22","modified_gmt":"2021-03-21T16:58:22","slug":"ferienbetreuung-basteln-mit-papprollen","status":"publish","type":"page","link":"http:\/\/handreamade.de\/?page_id=391","title":{"rendered":"Ferienbetreuung \/ Ferienpass Gemeinde Wardenburg"},"content":{"rendered":"\n<p>In den Oster- Sommer und Herbstferien biete ich im Rahmen des Ferienpasses und der Ferienbetreuung der Gemeinde Wardenburg Kreativangebote an.<\/p>\n\n\n\n<p>Ob&nbsp; Basteln mit Recyclingmaterial, Schmuckdesign oder T-Shirts gestalten, das Angebot ist vielf\u00e4ltig.<\/p>\n\n\n\n<p>Auch diese Angebote sind abh\u00e4ngig von den Entwicklungen der Corona-Pandemie. Aus diesem Grund werden fr\u00fchestens im Sommer 2021 wieder Angebote gestaltet werden.<\/p>\n\n\n\n<h4 class=\"wp-block-heading\">Einblicke in vergangene Aktionen:<\/h4>\n\n\n\n<figure class=\"wp-block-gallery columns-2 is-cropped wp-block-gallery-1 is-layout-flex wp-block-gallery-is-layout-flex\"><ul class=\"blocks-gallery-grid\"><li class=\"blocks-gallery-item\"><figure><img loading=\"lazy\" decoding=\"async\" width=\"1024\" height=\"1024\" src=\"http:\/\/handreamade.de\/wp-content\/uploads\/2020\/04\/inCollage_20191005_163632612-1024x1024.jpg\" alt=\"\" data-id=\"920\" data-full-url=\"http:\/\/handreamade.de\/wp-content\/uploads\/2020\/04\/inCollage_20191005_163632612.jpg\" data-link=\"http:\/\/handreamade.de\/?attachment_id=920\" class=\"wp-image-920\" srcset=\"http:\/\/handreamade.de\/wp-content\/uploads\/2020\/04\/inCollage_20191005_163632612-1024x1024.jpg 1024w, http:\/\/handreamade.de\/wp-content\/uploads\/2020\/04\/inCollage_20191005_163632612-300x300.jpg 300w, http:\/\/handreamade.de\/wp-content\/uploads\/2020\/04\/inCollage_20191005_163632612-150x150.jpg 150w, http:\/\/handreamade.de\/wp-content\/uploads\/2020\/04\/inCollage_20191005_163632612-768x768.jpg 768w, http:\/\/handreamade.de\/wp-content\/uploads\/2020\/04\/inCollage_20191005_163632612-1536x1536.jpg 1536w, http:\/\/handreamade.de\/wp-content\/uploads\/2020\/04\/inCollage_20191005_163632612.jpg 1920w\" sizes=\"auto, (max-width: 1024px) 100vw, 1024px\" \/><figcaption class=\"blocks-gallery-item__caption\">Papierperlen<\/figcaption><\/figure><\/li><li class=\"blocks-gallery-item\"><figure><img loading=\"lazy\" decoding=\"async\" width=\"819\" height=\"1024\" src=\"http:\/\/handreamade.de\/wp-content\/uploads\/2019\/08\/inCollage_20181216_143842813-819x1024.jpg\" alt=\"\" data-id=\"680\" data-full-url=\"http:\/\/handreamade.de\/wp-content\/uploads\/2019\/08\/inCollage_20181216_143842813.jpg\" data-link=\"http:\/\/handreamade.de\/?attachment_id=680\" class=\"wp-image-680\" srcset=\"http:\/\/handreamade.de\/wp-content\/uploads\/2019\/08\/inCollage_20181216_143842813-819x1024.jpg 819w, http:\/\/handreamade.de\/wp-content\/uploads\/2019\/08\/inCollage_20181216_143842813-240x300.jpg 240w, http:\/\/handreamade.de\/wp-content\/uploads\/2019\/08\/inCollage_20181216_143842813-768x960.jpg 768w, http:\/\/handreamade.de\/wp-content\/uploads\/2019\/08\/inCollage_20181216_143842813.jpg 1920w\" sizes=\"auto, (max-width: 819px) 100vw, 819px\" \/><figcaption class=\"blocks-gallery-item__caption\">Selber Seife herstellen<\/figcaption><\/figure><\/li><\/ul><\/figure>\n\n\n\n<figure class=\"wp-block-gallery columns-2 is-cropped wp-block-gallery-2 is-layout-flex wp-block-gallery-is-layout-flex\"><ul class=\"blocks-gallery-grid\"><li class=\"blocks-gallery-item\"><figure><img loading=\"lazy\" decoding=\"async\" width=\"1024\" height=\"1024\" src=\"http:\/\/handreamade.de\/wp-content\/uploads\/2020\/04\/inCollage_20200405_112005613-1-1024x1024.jpg\" alt=\"\" data-id=\"930\" data-full-url=\"http:\/\/handreamade.de\/wp-content\/uploads\/2020\/04\/inCollage_20200405_112005613-1.jpg\" data-link=\"http:\/\/handreamade.de\/?attachment_id=930\" class=\"wp-image-930\" srcset=\"http:\/\/handreamade.de\/wp-content\/uploads\/2020\/04\/inCollage_20200405_112005613-1-1024x1024.jpg 1024w, http:\/\/handreamade.de\/wp-content\/uploads\/2020\/04\/inCollage_20200405_112005613-1-300x300.jpg 300w, http:\/\/handreamade.de\/wp-content\/uploads\/2020\/04\/inCollage_20200405_112005613-1-150x150.jpg 150w, http:\/\/handreamade.de\/wp-content\/uploads\/2020\/04\/inCollage_20200405_112005613-1-768x768.jpg 768w, http:\/\/handreamade.de\/wp-content\/uploads\/2020\/04\/inCollage_20200405_112005613-1-1536x1536.jpg 1536w, http:\/\/handreamade.de\/wp-content\/uploads\/2020\/04\/inCollage_20200405_112005613-1.jpg 1920w\" sizes=\"auto, (max-width: 1024px) 100vw, 1024px\" \/><figcaption class=\"blocks-gallery-item__caption\">Upcycling: Tetrapack und Zeitschriften<\/figcaption><\/figure><\/li><li class=\"blocks-gallery-item\"><figure><img loading=\"lazy\" decoding=\"async\" width=\"1024\" height=\"1024\" src=\"http:\/\/handreamade.de\/wp-content\/uploads\/2019\/09\/Zelt\u00fcbernachtung-Christuskirche-140919-1024x1024.jpg\" alt=\"\" data-id=\"844\" data-full-url=\"http:\/\/handreamade.de\/wp-content\/uploads\/2019\/09\/Zelt\u00fcbernachtung-Christuskirche-140919.jpg\" data-link=\"http:\/\/handreamade.de\/?attachment_id=844\" class=\"wp-image-844\" srcset=\"http:\/\/handreamade.de\/wp-content\/uploads\/2019\/09\/Zelt\u00fcbernachtung-Christuskirche-140919-1024x1024.jpg 1024w, http:\/\/handreamade.de\/wp-content\/uploads\/2019\/09\/Zelt\u00fcbernachtung-Christuskirche-140919-150x150.jpg 150w, http:\/\/handreamade.de\/wp-content\/uploads\/2019\/09\/Zelt\u00fcbernachtung-Christuskirche-140919-300x300.jpg 300w, http:\/\/handreamade.de\/wp-content\/uploads\/2019\/09\/Zelt\u00fcbernachtung-Christuskirche-140919-768x768.jpg 768w, http:\/\/handreamade.de\/wp-content\/uploads\/2019\/09\/Zelt\u00fcbernachtung-Christuskirche-140919.jpg 1920w\" sizes=\"auto, (max-width: 1024px) 100vw, 1024px\" \/><figcaption class=\"blocks-gallery-item__caption\">Lichterketten basteln<\/figcaption><\/figure><\/li><\/ul><\/figure>\n\n\n\n<figure class=\"wp-block-gallery columns-2 is-cropped wp-block-gallery-3 is-layout-flex wp-block-gallery-is-layout-flex\"><ul class=\"blocks-gallery-grid\"><li class=\"blocks-gallery-item\"><figure><img loading=\"lazy\" decoding=\"async\" width=\"1024\" height=\"1024\" src=\"http:\/\/handreamade.de\/wp-content\/uploads\/2019\/08\/2018-11-24_12.06.22-Kopie-2-1024x1024.jpg\" alt=\"\" data-id=\"661\" data-link=\"http:\/\/handreamade.de\/?attachment_id=661\" class=\"wp-image-661\" srcset=\"http:\/\/handreamade.de\/wp-content\/uploads\/2019\/08\/2018-11-24_12.06.22-Kopie-2-1024x1024.jpg 1024w, http:\/\/handreamade.de\/wp-content\/uploads\/2019\/08\/2018-11-24_12.06.22-Kopie-2-150x150.jpg 150w, http:\/\/handreamade.de\/wp-content\/uploads\/2019\/08\/2018-11-24_12.06.22-Kopie-2-300x300.jpg 300w, http:\/\/handreamade.de\/wp-content\/uploads\/2019\/08\/2018-11-24_12.06.22-Kopie-2-768x768.jpg 768w, http:\/\/handreamade.de\/wp-content\/uploads\/2019\/08\/2018-11-24_12.06.22-Kopie-2.jpg 1920w\" sizes=\"auto, (max-width: 1024px) 100vw, 1024px\" \/><figcaption class=\"blocks-gallery-item__caption\">Kleine K\u00fcnstler<\/figcaption><\/figure><\/li><li class=\"blocks-gallery-item\"><figure><img loading=\"lazy\" decoding=\"async\" width=\"1024\" height=\"1024\" src=\"http:\/\/handreamade.de\/wp-content\/uploads\/2019\/08\/inCollage_20190729_130949268-1024x1024.jpg\" alt=\"\" data-id=\"656\" data-link=\"http:\/\/handreamade.de\/?attachment_id=656\" class=\"wp-image-656\" srcset=\"http:\/\/handreamade.de\/wp-content\/uploads\/2019\/08\/inCollage_20190729_130949268-1024x1024.jpg 1024w, http:\/\/handreamade.de\/wp-content\/uploads\/2019\/08\/inCollage_20190729_130949268-150x150.jpg 150w, http:\/\/handreamade.de\/wp-content\/uploads\/2019\/08\/inCollage_20190729_130949268-300x300.jpg 300w, http:\/\/handreamade.de\/wp-content\/uploads\/2019\/08\/inCollage_20190729_130949268-768x768.jpg 768w, http:\/\/handreamade.de\/wp-content\/uploads\/2019\/08\/inCollage_20190729_130949268.jpg 1920w\" sizes=\"auto, (max-width: 1024px) 100vw, 1024px\" \/><figcaption class=\"blocks-gallery-item__caption\">Saatbomben und Bienenwiese<\/figcaption><\/figure><\/li><\/ul><\/figure>\n\n\n\n<figure class=\"wp-block-gallery columns-3 is-cropped wp-block-gallery-4 is-layout-flex wp-block-gallery-is-layout-flex\"><ul class=\"blocks-gallery-grid\"><li class=\"blocks-gallery-item\"><figure><img loading=\"lazy\" decoding=\"async\" width=\"1024\" height=\"1024\" src=\"http:\/\/handreamade.de\/wp-content\/uploads\/2019\/08\/2018-07-04_13.10.29-1024x1024.jpg\" alt=\"\" data-id=\"719\" data-link=\"http:\/\/handreamade.de\/?attachment_id=719\" class=\"wp-image-719\" srcset=\"http:\/\/handreamade.de\/wp-content\/uploads\/2019\/08\/2018-07-04_13.10.29-1024x1024.jpg 1024w, http:\/\/handreamade.de\/wp-content\/uploads\/2019\/08\/2018-07-04_13.10.29-150x150.jpg 150w, http:\/\/handreamade.de\/wp-content\/uploads\/2019\/08\/2018-07-04_13.10.29-300x300.jpg 300w, http:\/\/handreamade.de\/wp-content\/uploads\/2019\/08\/2018-07-04_13.10.29-768x768.jpg 768w, http:\/\/handreamade.de\/wp-content\/uploads\/2019\/08\/2018-07-04_13.10.29.jpg 1080w\" sizes=\"auto, (max-width: 1024px) 100vw, 1024px\" \/><figcaption class=\"blocks-gallery-item__caption\">Nagelbilder mit Loom-B\u00e4ndern<\/figcaption><\/figure><\/li><li class=\"blocks-gallery-item\"><figure><img loading=\"lazy\" decoding=\"async\" width=\"1024\" height=\"1024\" src=\"http:\/\/handreamade.de\/wp-content\/uploads\/2019\/08\/2018-06-28_12.33.38-1024x1024.jpg\" alt=\"\" data-id=\"718\" data-link=\"http:\/\/handreamade.de\/?attachment_id=718\" class=\"wp-image-718\" srcset=\"http:\/\/handreamade.de\/wp-content\/uploads\/2019\/08\/2018-06-28_12.33.38-1024x1024.jpg 1024w, http:\/\/handreamade.de\/wp-content\/uploads\/2019\/08\/2018-06-28_12.33.38-150x150.jpg 150w, http:\/\/handreamade.de\/wp-content\/uploads\/2019\/08\/2018-06-28_12.33.38-300x300.jpg 300w, http:\/\/handreamade.de\/wp-content\/uploads\/2019\/08\/2018-06-28_12.33.38-768x768.jpg 768w, http:\/\/handreamade.de\/wp-content\/uploads\/2019\/08\/2018-06-28_12.33.38.jpg 1080w\" sizes=\"auto, (max-width: 1024px) 100vw, 1024px\" \/><figcaption class=\"blocks-gallery-item__caption\">Boote und Stifthalter aus Tetrapacks<\/figcaption><\/figure><\/li><li class=\"blocks-gallery-item\"><figure><img loading=\"lazy\" decoding=\"async\" width=\"1024\" height=\"1024\" src=\"http:\/\/handreamade.de\/wp-content\/uploads\/2019\/08\/2018-07-05_12.19.34-1024x1024.jpg\" alt=\"\" data-id=\"720\" data-link=\"http:\/\/handreamade.de\/?attachment_id=720\" class=\"wp-image-720\" srcset=\"http:\/\/handreamade.de\/wp-content\/uploads\/2019\/08\/2018-07-05_12.19.34-1024x1024.jpg 1024w, http:\/\/handreamade.de\/wp-content\/uploads\/2019\/08\/2018-07-05_12.19.34-150x150.jpg 150w, http:\/\/handreamade.de\/wp-content\/uploads\/2019\/08\/2018-07-05_12.19.34-300x300.jpg 300w, http:\/\/handreamade.de\/wp-content\/uploads\/2019\/08\/2018-07-05_12.19.34-768x768.jpg 768w, http:\/\/handreamade.de\/wp-content\/uploads\/2019\/08\/2018-07-05_12.19.34.jpg 1080w\" sizes=\"auto, (max-width: 1024px) 100vw, 1024px\" \/><figcaption class=\"blocks-gallery-item__caption\">Magische Windlichter<\/figcaption><\/figure><\/li><li class=\"blocks-gallery-item\"><figure><img decoding=\"async\" src=\"\" alt=\"\"\/><\/figure><\/li><\/ul><\/figure>\n\n\n\n<figure class=\"wp-block-gallery columns-3 is-cropped wp-block-gallery-5 is-layout-flex wp-block-gallery-is-layout-flex\"><ul class=\"blocks-gallery-grid\"><li class=\"blocks-gallery-item\"><figure><img loading=\"lazy\" decoding=\"async\" width=\"960\" height=\"960\" src=\"http:\/\/handreamade.de\/wp-content\/uploads\/2017\/07\/img1498817996587.jpg\" alt=\"\" data-id=\"396\" data-link=\"http:\/\/handreamade.de\/?attachment_id=396#main\" class=\"wp-image-396\" srcset=\"http:\/\/handreamade.de\/wp-content\/uploads\/2017\/07\/img1498817996587.jpg 960w, http:\/\/handreamade.de\/wp-content\/uploads\/2017\/07\/img1498817996587-150x150.jpg 150w, http:\/\/handreamade.de\/wp-content\/uploads\/2017\/07\/img1498817996587-300x300.jpg 300w, http:\/\/handreamade.de\/wp-content\/uploads\/2017\/07\/img1498817996587-768x768.jpg 768w\" sizes=\"auto, (max-width: 960px) 100vw, 960px\" \/><figcaption class=\"blocks-gallery-item__caption\">Basteln mit To-Papier-Rollen<\/figcaption><\/figure><\/li><li class=\"blocks-gallery-item\"><figure><img loading=\"lazy\" decoding=\"async\" width=\"960\" height=\"960\" src=\"http:\/\/handreamade.de\/wp-content\/uploads\/2017\/07\/img1498817940840.jpg\" alt=\"\" data-id=\"395\" data-link=\"http:\/\/handreamade.de\/?attachment_id=395#main\" class=\"wp-image-395\" srcset=\"http:\/\/handreamade.de\/wp-content\/uploads\/2017\/07\/img1498817940840.jpg 960w, http:\/\/handreamade.de\/wp-content\/uploads\/2017\/07\/img1498817940840-150x150.jpg 150w, http:\/\/handreamade.de\/wp-content\/uploads\/2017\/07\/img1498817940840-300x300.jpg 300w, http:\/\/handreamade.de\/wp-content\/uploads\/2017\/07\/img1498817940840-768x768.jpg 768w\" sizes=\"auto, (max-width: 960px) 100vw, 960px\" \/><figcaption class=\"blocks-gallery-item__caption\">Basteln mit To-Papier-Rollen<\/figcaption><\/figure><\/li><li class=\"blocks-gallery-item\"><figure><img loading=\"lazy\" decoding=\"async\" width=\"960\" height=\"960\" src=\"http:\/\/handreamade.de\/wp-content\/uploads\/2017\/07\/img1498476919123.jpg\" alt=\"\" data-id=\"394\" data-link=\"http:\/\/handreamade.de\/?attachment_id=394#main\" class=\"wp-image-394\" srcset=\"http:\/\/handreamade.de\/wp-content\/uploads\/2017\/07\/img1498476919123.jpg 960w, http:\/\/handreamade.de\/wp-content\/uploads\/2017\/07\/img1498476919123-150x150.jpg 150w, http:\/\/handreamade.de\/wp-content\/uploads\/2017\/07\/img1498476919123-300x300.jpg 300w, http:\/\/handreamade.de\/wp-content\/uploads\/2017\/07\/img1498476919123-768x768.jpg 768w\" sizes=\"auto, (max-width: 960px) 100vw, 960px\" \/><figcaption class=\"blocks-gallery-item__caption\">Schmuck basteln<\/figcaption><\/figure><\/li><li class=\"blocks-gallery-item\"><figure><img loading=\"lazy\" decoding=\"async\" width=\"960\" height=\"960\" src=\"http:\/\/handreamade.de\/wp-content\/uploads\/2017\/07\/img1498467171141.jpg\" alt=\"\" data-id=\"388\" data-link=\"http:\/\/handreamade.de\/?attachment_id=388#main\" class=\"wp-image-388\" srcset=\"http:\/\/handreamade.de\/wp-content\/uploads\/2017\/07\/img1498467171141.jpg 960w, http:\/\/handreamade.de\/wp-content\/uploads\/2017\/07\/img1498467171141-150x150.jpg 150w, http:\/\/handreamade.de\/wp-content\/uploads\/2017\/07\/img1498467171141-300x300.jpg 300w, http:\/\/handreamade.de\/wp-content\/uploads\/2017\/07\/img1498467171141-768x768.jpg 768w\" sizes=\"auto, (max-width: 960px) 100vw, 960px\" \/><figcaption class=\"blocks-gallery-item__caption\">Schmuck basteln<\/figcaption><\/figure><\/li><li class=\"blocks-gallery-item\"><figure><img loading=\"lazy\" decoding=\"async\" width=\"960\" height=\"960\" src=\"http:\/\/handreamade.de\/wp-content\/uploads\/2018\/06\/img1506926322841.jpg\" alt=\"\" data-id=\"574\" data-link=\"http:\/\/handreamade.de\/?attachment_id=574#main\" class=\"wp-image-574\" srcset=\"http:\/\/handreamade.de\/wp-content\/uploads\/2018\/06\/img1506926322841.jpg 960w, http:\/\/handreamade.de\/wp-content\/uploads\/2018\/06\/img1506926322841-150x150.jpg 150w, http:\/\/handreamade.de\/wp-content\/uploads\/2018\/06\/img1506926322841-300x300.jpg 300w, http:\/\/handreamade.de\/wp-content\/uploads\/2018\/06\/img1506926322841-768x768.jpg 768w\" sizes=\"auto, (max-width: 960px) 100vw, 960px\" \/><figcaption class=\"blocks-gallery-item__caption\">Schuhkarton-Fussballspiel<\/figcaption><\/figure><\/li><li class=\"blocks-gallery-item\"><figure><img loading=\"lazy\" decoding=\"async\" width=\"960\" height=\"960\" src=\"http:\/\/handreamade.de\/wp-content\/uploads\/2018\/06\/img1506926368649.jpg\" alt=\"\" data-id=\"575\" data-link=\"http:\/\/handreamade.de\/?attachment_id=575#main\" class=\"wp-image-575\" srcset=\"http:\/\/handreamade.de\/wp-content\/uploads\/2018\/06\/img1506926368649.jpg 960w, http:\/\/handreamade.de\/wp-content\/uploads\/2018\/06\/img1506926368649-150x150.jpg 150w, http:\/\/handreamade.de\/wp-content\/uploads\/2018\/06\/img1506926368649-300x300.jpg 300w, http:\/\/handreamade.de\/wp-content\/uploads\/2018\/06\/img1506926368649-768x768.jpg 768w\" sizes=\"auto, (max-width: 960px) 100vw, 960px\" \/><figcaption class=\"blocks-gallery-item__caption\"> Katapult<\/figcaption><\/figure><\/li><li class=\"blocks-gallery-item\"><figure><img loading=\"lazy\" decoding=\"async\" width=\"960\" height=\"960\" src=\"http:\/\/handreamade.de\/wp-content\/uploads\/2018\/06\/img1506926430452.jpg\" alt=\"\" data-id=\"576\" data-link=\"http:\/\/handreamade.de\/?attachment_id=576#main\" class=\"wp-image-576\" srcset=\"http:\/\/handreamade.de\/wp-content\/uploads\/2018\/06\/img1506926430452.jpg 960w, http:\/\/handreamade.de\/wp-content\/uploads\/2018\/06\/img1506926430452-150x150.jpg 150w, http:\/\/handreamade.de\/wp-content\/uploads\/2018\/06\/img1506926430452-300x300.jpg 300w, http:\/\/handreamade.de\/wp-content\/uploads\/2018\/06\/img1506926430452-768x768.jpg 768w\" sizes=\"auto, (max-width: 960px) 100vw, 960px\" \/><figcaption class=\"blocks-gallery-item__caption\">Murmelbahn<\/figcaption><\/figure><\/li><li class=\"blocks-gallery-item\"><figure><img loading=\"lazy\" decoding=\"async\" width=\"1024\" height=\"1024\" src=\"http:\/\/handreamade.de\/wp-content\/uploads\/2018\/06\/2018-03-29_13.36.02-1024x1024.jpg\" alt=\"\" data-id=\"598\" data-link=\"http:\/\/handreamade.de\/?attachment_id=598#main\" class=\"wp-image-598\" srcset=\"http:\/\/handreamade.de\/wp-content\/uploads\/2018\/06\/2018-03-29_13.36.02-1024x1024.jpg 1024w, http:\/\/handreamade.de\/wp-content\/uploads\/2018\/06\/2018-03-29_13.36.02-150x150.jpg 150w, http:\/\/handreamade.de\/wp-content\/uploads\/2018\/06\/2018-03-29_13.36.02-300x300.jpg 300w, http:\/\/handreamade.de\/wp-content\/uploads\/2018\/06\/2018-03-29_13.36.02-768x768.jpg 768w, http:\/\/handreamade.de\/wp-content\/uploads\/2018\/06\/2018-03-29_13.36.02.jpg 1080w\" sizes=\"auto, (max-width: 1024px) 100vw, 1024px\" \/><figcaption class=\"blocks-gallery-item__caption\">Selbstgemachte B\u00fcgelbilder<\/figcaption><\/figure><\/li><\/ul><\/figure>\n","protected":false},"excerpt":{"rendered":"<p>In den Oster- Sommer und Herbstferien biete ich im Rahmen des Ferienpasses und der Ferienbetreuung der Gemeinde Wardenburg Kreativangebote an. Ob&nbsp; Basteln mit Recyclingmaterial, Schmuckdesign oder T-Shirts gestalten, das Angebot ist vielf\u00e4ltig. Auch diese Angebote sind abh\u00e4ngig von den Entwicklungen der Corona-Pandemie. Aus diesem Grund werden fr\u00fchestens im Sommer 2021 wieder Angebote gestaltet werden. Einblicke <a class=\"more-link\" href=\"http:\/\/handreamade.de\/?page_id=391\">weiterlesen&#8230;<\/a><\/p>\n","protected":false},"author":1,"featured_media":0,"parent":636,"menu_order":4,"comment_status":"closed","ping_status":"closed","template":"","meta":{"footnotes":""},"class_list":["post-391","page","type-page","status-publish","hentry"],"_links":{"self":[{"href":"http:\/\/handreamade.de\/index.php?rest_route=\/wp\/v2\/pages\/391","targetHints":{"allow":["GET"]}}],"collection":[{"href":"http:\/\/handreamade.de\/index.php?rest_route=\/wp\/v2\/pages"}],"about":[{"href":"http:\/\/handreamade.de\/index.php?rest_route=\/wp\/v2\/types\/page"}],"author":[{"embeddable":true,"href":"http:\/\/handreamade.de\/index.php?rest_route=\/wp\/v2\/users\/1"}],"replies":[{"embeddable":true,"href":"http:\/\/handreamade.de\/index.php?rest_route=%2Fwp%2Fv2%2Fcomments&post=391"}],"version-history":[{"count":10,"href":"http:\/\/handreamade.de\/index.php?rest_route=\/wp\/v2\/pages\/391\/revisions"}],"predecessor-version":[{"id":1013,"href":"http:\/\/handreamade.de\/index.php?rest_route=\/wp\/v2\/pages\/391\/revisions\/1013"}],"up":[{"embeddable":true,"href":"http:\/\/handreamade.de\/index.php?rest_route=\/wp\/v2\/pages\/636"}],"wp:attachment":[{"href":"http:\/\/handreamade.de\/index.php?rest_route=%2Fwp%2Fv2%2Fmedia&parent=391"}],"curies":[{"name":"wp","href":"https:\/\/api.w.org\/{rel}","templated":true}]}}