{"id":636,"date":"2018-06-12T13:08:51","date_gmt":"2018-06-12T13:08:51","guid":{"rendered":"http:\/\/handreamade.de\/?page_id=636"},"modified":"2023-01-29T16:22:43","modified_gmt":"2023-01-29T16:22:43","slug":"zusammenarbeit-mit-verschiedenen-traegern","status":"publish","type":"page","link":"http:\/\/handreamade.de\/?page_id=636","title":{"rendered":"Zusammenarbeit mit verschiedenen Tr\u00e4gern"},"content":{"rendered":"\n<p>Meine Kurse biete ich sowohl in den eigenen R\u00e4umlichkeiten als auch in Kooperation mit verschiedenen Bildungstr\u00e4gern an.<\/p>\n\n\n\n<p>Mein Angebot beinhaltet u.a. Kurse und Vortr\u00e4ge in der Erwachsenenbildung, Veranstaltungen im Kreativbereich f\u00fcr Kinder und Erwachsene oder auch Beteiligung an Kreativ-Projekten f\u00fcr Kinder.<\/p>\n\n\n\n<p>Die Termine der aktuellen Kurse sind in den Seiten der jeweiligen Tr\u00e4ger zu finden, allerdings ist das Angebot aufgrund der noch immer andauernden Corona-Pandemie derzeit erheblich eingeschr\u00e4nkt.<\/p>\n\n\n\n<p>Veranstaltungen k\u00f6nnen nur im derzeit nicht vorhersehbaren Rahmen der jeweils zum Veranstaltungszeitpunkt geltender Corona-Verordnungen stattfinden. Weitere Informationen erteile ich gerne telefonisch.<\/p>\n","protected":false},"excerpt":{"rendered":"<p>Meine Kurse biete ich sowohl in den eigenen R\u00e4umlichkeiten als auch in Kooperation mit verschiedenen Bildungstr\u00e4gern an. Mein Angebot beinhaltet u.a. Kurse und Vortr\u00e4ge in der Erwachsenenbildung, Veranstaltungen im Kreativbereich f\u00fcr Kinder und Erwachsene oder auch Beteiligung an Kreativ-Projekten f\u00fcr Kinder. Die Termine der aktuellen Kurse sind in den Seiten der jeweiligen Tr\u00e4ger zu finden, <a class=\"more-link\" href=\"http:\/\/handreamade.de\/?page_id=636\">weiterlesen&#8230;<\/a><\/p>\n","protected":false},"author":1,"featured_media":0,"parent":0,"menu_order":3,"comment_status":"closed","ping_status":"closed","template":"","meta":{"footnotes":""},"class_list":["post-636","page","type-page","status-publish","hentry"],"_links":{"self":[{"href":"http:\/\/handreamade.de\/index.php?rest_route=\/wp\/v2\/pages\/636","targetHints":{"allow":["GET"]}}],"collection":[{"href":"http:\/\/handreamade.de\/index.php?rest_route=\/wp\/v2\/pages"}],"about":[{"href":"http:\/\/handreamade.de\/index.php?rest_route=\/wp\/v2\/types\/page"}],"author":[{"embeddable":true,"href":"http:\/\/handreamade.de\/index.php?rest_route=\/wp\/v2\/users\/1"}],"replies":[{"embeddable":true,"href":"http:\/\/handreamade.de\/index.php?rest_route=%2Fwp%2Fv2%2Fcomments&post=636"}],"version-history":[{"count":6,"href":"http:\/\/handreamade.de\/index.php?rest_route=\/wp\/v2\/pages\/636\/revisions"}],"predecessor-version":[{"id":975,"href":"http:\/\/handreamade.de\/index.php?rest_route=\/wp\/v2\/pages\/636\/revisions\/975"}],"wp:attachment":[{"href":"http:\/\/handreamade.de\/index.php?rest_route=%2Fwp%2Fv2%2Fmedia&parent=636"}],"curies":[{"name":"wp","href":"https:\/\/api.w.org\/{rel}","templated":true}]}}