{"id":638,"date":"2018-06-12T13:13:54","date_gmt":"2018-06-12T13:13:54","guid":{"rendered":"http:\/\/handreamade.de\/?page_id=638"},"modified":"2023-01-29T16:46:00","modified_gmt":"2023-01-29T16:46:00","slug":"evangelische-familienbildungsstaette-oldenburg","status":"publish","type":"page","link":"http:\/\/handreamade.de\/?page_id=638","title":{"rendered":"Evangelische Familienbildungsst\u00e4tte Oldenburg (EFB)"},"content":{"rendered":"\n<p>In der Evangelischen Familienbildungsst\u00e4tte Oldenburg (EFB) bzw. dem Familienzentrum Osternburg (FAZO) werden Kreativkurse und Themenhalbtage f\u00fcr Kinder und Erwachsene angeboten.<\/p>\n\n\n\n<p><strong>Samstag, 11. M\u00e4rz 2023 von 14:30 &#8211; 15:45 Uhr<br>&#8222;Ein Tag mit Elmar, dem buntkarierten Elefanten&#8220;<\/strong><br>Ein Kurs f\u00fcr Kinder mit Eltern \/ Gro\u00dfeltern; rund um das R\u00fcsseltier wird gebastelt, gespielt und gelacht.<\/p>\n\n\n\n<p><strong> Samstag  06. Juni und Sonntag 07. Juni 2023 <\/strong><br><strong> jeweils von 10 &#8211; 13 Uhr<\/strong><br><strong>&#8222;Kreativ mit (Knet-) Beton&#8220;<\/strong><br>Kurs f\u00fcr Erwachsene, die sich am Werkstoff Beton ausprobieren wollen. Eigene Ideen sind gern gesehen. Der Beton wird gegossen oder modelliert, je nach Wunsch der Teilnehmer. <br>Die jeweils zwei Termine geh\u00f6ren zusammen und sind nur als Einheit buchbar.<\/p>\n\n\n\n<figure class=\"wp-block-gallery has-nested-images columns-default is-cropped wp-block-gallery-1 is-layout-flex wp-block-gallery-is-layout-flex\">\n<figure class=\"wp-block-image size-large\"><img loading=\"lazy\" decoding=\"async\" width=\"1024\" height=\"1024\" data-id=\"1010\" src=\"http:\/\/handreamade.de\/wp-content\/uploads\/2021\/03\/inCollage_20200613_142635459-1024x1024.jpg\" alt=\"\" class=\"wp-image-1010\" srcset=\"http:\/\/handreamade.de\/wp-content\/uploads\/2021\/03\/inCollage_20200613_142635459-1024x1024.jpg 1024w, http:\/\/handreamade.de\/wp-content\/uploads\/2021\/03\/inCollage_20200613_142635459-300x300.jpg 300w, http:\/\/handreamade.de\/wp-content\/uploads\/2021\/03\/inCollage_20200613_142635459-150x150.jpg 150w, http:\/\/handreamade.de\/wp-content\/uploads\/2021\/03\/inCollage_20200613_142635459-768x768.jpg 768w, http:\/\/handreamade.de\/wp-content\/uploads\/2021\/03\/inCollage_20200613_142635459-1536x1536.jpg 1536w, http:\/\/handreamade.de\/wp-content\/uploads\/2021\/03\/inCollage_20200613_142635459.jpg 1920w\" sizes=\"auto, (max-width: 1024px) 100vw, 1024px\" \/><figcaption class=\"wp-element-caption\">Knetbeton<\/figcaption><\/figure>\n\n\n\n<figure class=\"wp-block-image size-large\"><img loading=\"lazy\" decoding=\"async\" width=\"1024\" height=\"1024\" data-id=\"1008\" src=\"http:\/\/handreamade.de\/wp-content\/uploads\/2021\/03\/inCollage_20200607_120919586-1024x1024.jpg\" alt=\"\" class=\"wp-image-1008\" srcset=\"http:\/\/handreamade.de\/wp-content\/uploads\/2021\/03\/inCollage_20200607_120919586-1024x1024.jpg 1024w, http:\/\/handreamade.de\/wp-content\/uploads\/2021\/03\/inCollage_20200607_120919586-300x300.jpg 300w, http:\/\/handreamade.de\/wp-content\/uploads\/2021\/03\/inCollage_20200607_120919586-150x150.jpg 150w, http:\/\/handreamade.de\/wp-content\/uploads\/2021\/03\/inCollage_20200607_120919586-768x768.jpg 768w, http:\/\/handreamade.de\/wp-content\/uploads\/2021\/03\/inCollage_20200607_120919586-1536x1536.jpg 1536w, http:\/\/handreamade.de\/wp-content\/uploads\/2021\/03\/inCollage_20200607_120919586.jpg 1920w\" sizes=\"auto, (max-width: 1024px) 100vw, 1024px\" \/><figcaption class=\"wp-element-caption\">Knetbeton<\/figcaption><\/figure>\n\n\n\n<figure class=\"wp-block-image size-large\"><img loading=\"lazy\" decoding=\"async\" width=\"1024\" height=\"1024\" data-id=\"1009\" src=\"http:\/\/handreamade.de\/wp-content\/uploads\/2021\/03\/inCollage_20200607_121120840-1024x1024.jpg\" alt=\"\" class=\"wp-image-1009\" srcset=\"http:\/\/handreamade.de\/wp-content\/uploads\/2021\/03\/inCollage_20200607_121120840-1024x1024.jpg 1024w, http:\/\/handreamade.de\/wp-content\/uploads\/2021\/03\/inCollage_20200607_121120840-300x300.jpg 300w, http:\/\/handreamade.de\/wp-content\/uploads\/2021\/03\/inCollage_20200607_121120840-150x150.jpg 150w, http:\/\/handreamade.de\/wp-content\/uploads\/2021\/03\/inCollage_20200607_121120840-768x768.jpg 768w, http:\/\/handreamade.de\/wp-content\/uploads\/2021\/03\/inCollage_20200607_121120840-1536x1536.jpg 1536w, http:\/\/handreamade.de\/wp-content\/uploads\/2021\/03\/inCollage_20200607_121120840.jpg 1920w\" sizes=\"auto, (max-width: 1024px) 100vw, 1024px\" \/><figcaption class=\"wp-element-caption\">Kurseinblicke<\/figcaption><\/figure>\n\n\n\n<figure class=\"wp-block-image size-large\"><img loading=\"lazy\" decoding=\"async\" width=\"1024\" height=\"1024\" data-id=\"600\" src=\"http:\/\/handreamade.de\/wp-content\/uploads\/2018\/06\/2018-04-07_09.26.37-1024x1024.jpg\" alt=\"\" class=\"wp-image-600\" srcset=\"http:\/\/handreamade.de\/wp-content\/uploads\/2018\/06\/2018-04-07_09.26.37-1024x1024.jpg 1024w, http:\/\/handreamade.de\/wp-content\/uploads\/2018\/06\/2018-04-07_09.26.37-150x150.jpg 150w, http:\/\/handreamade.de\/wp-content\/uploads\/2018\/06\/2018-04-07_09.26.37-300x300.jpg 300w, http:\/\/handreamade.de\/wp-content\/uploads\/2018\/06\/2018-04-07_09.26.37-768x768.jpg 768w, http:\/\/handreamade.de\/wp-content\/uploads\/2018\/06\/2018-04-07_09.26.37.jpg 1080w\" sizes=\"auto, (max-width: 1024px) 100vw, 1024px\" \/><figcaption class=\"wp-element-caption\">Gie\u00dftechnik<\/figcaption><\/figure>\n\n\n\n<figure class=\"wp-block-image size-large\"><img loading=\"lazy\" decoding=\"async\" width=\"1024\" height=\"1024\" data-id=\"610\" src=\"http:\/\/handreamade.de\/wp-content\/uploads\/2018\/06\/2018-06-09_13.29.48-1024x1024.jpg\" alt=\"\" class=\"wp-image-610\" srcset=\"http:\/\/handreamade.de\/wp-content\/uploads\/2018\/06\/2018-06-09_13.29.48-1024x1024.jpg 1024w, http:\/\/handreamade.de\/wp-content\/uploads\/2018\/06\/2018-06-09_13.29.48-150x150.jpg 150w, http:\/\/handreamade.de\/wp-content\/uploads\/2018\/06\/2018-06-09_13.29.48-300x300.jpg 300w, http:\/\/handreamade.de\/wp-content\/uploads\/2018\/06\/2018-06-09_13.29.48-768x768.jpg 768w, http:\/\/handreamade.de\/wp-content\/uploads\/2018\/06\/2018-06-09_13.29.48.jpg 1080w\" sizes=\"auto, (max-width: 1024px) 100vw, 1024px\" \/><figcaption class=\"wp-element-caption\">Knetbeton<\/figcaption><\/figure>\n\n\n\n<figure class=\"wp-block-image size-large\"><img loading=\"lazy\" decoding=\"async\" width=\"1024\" height=\"1024\" data-id=\"726\" src=\"http:\/\/handreamade.de\/wp-content\/uploads\/2019\/08\/2018-06-16_18.02.58-1024x1024.jpg\" alt=\"\" class=\"wp-image-726\" srcset=\"http:\/\/handreamade.de\/wp-content\/uploads\/2019\/08\/2018-06-16_18.02.58-1024x1024.jpg 1024w, http:\/\/handreamade.de\/wp-content\/uploads\/2019\/08\/2018-06-16_18.02.58-150x150.jpg 150w, http:\/\/handreamade.de\/wp-content\/uploads\/2019\/08\/2018-06-16_18.02.58-300x300.jpg 300w, http:\/\/handreamade.de\/wp-content\/uploads\/2019\/08\/2018-06-16_18.02.58-768x768.jpg 768w, http:\/\/handreamade.de\/wp-content\/uploads\/2019\/08\/2018-06-16_18.02.58.jpg 1080w\" sizes=\"auto, (max-width: 1024px) 100vw, 1024px\" \/><figcaption class=\"wp-element-caption\">Knetbeton<\/figcaption><\/figure>\n<\/figure>\n\n\n\n<figure class=\"wp-block-gallery has-nested-images columns-default is-cropped wp-block-gallery-2 is-layout-flex wp-block-gallery-is-layout-flex\">\n<figure class=\"wp-block-image size-large\"><img loading=\"lazy\" decoding=\"async\" width=\"1024\" height=\"1024\" data-id=\"894\" src=\"http:\/\/handreamade.de\/wp-content\/uploads\/2019\/11\/inCollage_20191110_150859920-1024x1024.jpg\" alt=\"\" class=\"wp-image-894\" srcset=\"http:\/\/handreamade.de\/wp-content\/uploads\/2019\/11\/inCollage_20191110_150859920-1024x1024.jpg 1024w, http:\/\/handreamade.de\/wp-content\/uploads\/2019\/11\/inCollage_20191110_150859920-300x300.jpg 300w, http:\/\/handreamade.de\/wp-content\/uploads\/2019\/11\/inCollage_20191110_150859920-150x150.jpg 150w, http:\/\/handreamade.de\/wp-content\/uploads\/2019\/11\/inCollage_20191110_150859920-768x768.jpg 768w, http:\/\/handreamade.de\/wp-content\/uploads\/2019\/11\/inCollage_20191110_150859920-1536x1536.jpg 1536w, http:\/\/handreamade.de\/wp-content\/uploads\/2019\/11\/inCollage_20191110_150859920.jpg 1920w\" sizes=\"auto, (max-width: 1024px) 100vw, 1024px\" \/><figcaption class=\"wp-element-caption\">Herbstliches Basteln<\/figcaption><\/figure>\n\n\n\n<figure class=\"wp-block-image size-large\"><img loading=\"lazy\" decoding=\"async\" width=\"1024\" height=\"1024\" data-id=\"604\" src=\"http:\/\/handreamade.de\/wp-content\/uploads\/2018\/06\/2018-04-21_12.58.19-1024x1024.jpg\" alt=\"\" class=\"wp-image-604\" srcset=\"http:\/\/handreamade.de\/wp-content\/uploads\/2018\/06\/2018-04-21_12.58.19-1024x1024.jpg 1024w, http:\/\/handreamade.de\/wp-content\/uploads\/2018\/06\/2018-04-21_12.58.19-150x150.jpg 150w, http:\/\/handreamade.de\/wp-content\/uploads\/2018\/06\/2018-04-21_12.58.19-300x300.jpg 300w, http:\/\/handreamade.de\/wp-content\/uploads\/2018\/06\/2018-04-21_12.58.19-768x768.jpg 768w, http:\/\/handreamade.de\/wp-content\/uploads\/2018\/06\/2018-04-21_12.58.19.jpg 1080w\" sizes=\"auto, (max-width: 1024px) 100vw, 1024px\" \/><figcaption class=\"wp-element-caption\">Elefantentag<\/figcaption><\/figure>\n\n\n\n<figure class=\"wp-block-image size-large\"><img loading=\"lazy\" decoding=\"async\" width=\"1024\" height=\"1024\" data-id=\"824\" src=\"http:\/\/handreamade.de\/wp-content\/uploads\/2019\/08\/inCollage_20190518_185004374-1024x1024.jpg\" alt=\"\" class=\"wp-image-824\" srcset=\"http:\/\/handreamade.de\/wp-content\/uploads\/2019\/08\/inCollage_20190518_185004374-1024x1024.jpg 1024w, http:\/\/handreamade.de\/wp-content\/uploads\/2019\/08\/inCollage_20190518_185004374-150x150.jpg 150w, http:\/\/handreamade.de\/wp-content\/uploads\/2019\/08\/inCollage_20190518_185004374-300x300.jpg 300w, http:\/\/handreamade.de\/wp-content\/uploads\/2019\/08\/inCollage_20190518_185004374-768x768.jpg 768w, http:\/\/handreamade.de\/wp-content\/uploads\/2019\/08\/inCollage_20190518_185004374.jpg 1920w\" sizes=\"auto, (max-width: 1024px) 100vw, 1024px\" \/><figcaption class=\"wp-element-caption\">Gie\u00dfbeton<\/figcaption><\/figure>\n\n\n\n<figure class=\"wp-block-image size-large\"><img loading=\"lazy\" decoding=\"async\" width=\"1024\" height=\"768\" data-id=\"817\" src=\"http:\/\/handreamade.de\/wp-content\/uploads\/2019\/08\/20180616_114610-1024x768.jpg\" alt=\"\" class=\"wp-image-817\" srcset=\"http:\/\/handreamade.de\/wp-content\/uploads\/2019\/08\/20180616_114610-1024x768.jpg 1024w, http:\/\/handreamade.de\/wp-content\/uploads\/2019\/08\/20180616_114610-300x225.jpg 300w, http:\/\/handreamade.de\/wp-content\/uploads\/2019\/08\/20180616_114610-768x576.jpg 768w, http:\/\/handreamade.de\/wp-content\/uploads\/2019\/08\/20180616_114610-350x263.jpg 350w, http:\/\/handreamade.de\/wp-content\/uploads\/2019\/08\/20180616_114610-780x586.jpg 780w, http:\/\/handreamade.de\/wp-content\/uploads\/2019\/08\/20180616_114610-250x188.jpg 250w\" sizes=\"auto, (max-width: 1024px) 100vw, 1024px\" \/><figcaption class=\"wp-element-caption\">Beton gepr\u00e4gt<\/figcaption><\/figure>\n\n\n\n<figure class=\"wp-block-image size-large\"><img loading=\"lazy\" decoding=\"async\" width=\"768\" height=\"1024\" data-id=\"816\" src=\"http:\/\/handreamade.de\/wp-content\/uploads\/2019\/08\/20180609_160103-e1566641043619-768x1024.jpg\" alt=\"\" class=\"wp-image-816\" srcset=\"http:\/\/handreamade.de\/wp-content\/uploads\/2019\/08\/20180609_160103-e1566641043619-768x1024.jpg 768w, http:\/\/handreamade.de\/wp-content\/uploads\/2019\/08\/20180609_160103-e1566641043619-225x300.jpg 225w\" sizes=\"auto, (max-width: 768px) 100vw, 768px\" \/><figcaption class=\"wp-element-caption\">Weck-Licht<\/figcaption><\/figure>\n\n\n\n<figure class=\"wp-block-image size-large\"><img loading=\"lazy\" decoding=\"async\" width=\"768\" height=\"1024\" data-id=\"814\" src=\"http:\/\/handreamade.de\/wp-content\/uploads\/2019\/08\/20180609_160001-e1566641142460-768x1024.jpg\" alt=\"\" class=\"wp-image-814\" srcset=\"http:\/\/handreamade.de\/wp-content\/uploads\/2019\/08\/20180609_160001-e1566641142460-768x1024.jpg 768w, http:\/\/handreamade.de\/wp-content\/uploads\/2019\/08\/20180609_160001-e1566641142460-225x300.jpg 225w\" sizes=\"auto, (max-width: 768px) 100vw, 768px\" \/><figcaption class=\"wp-element-caption\">Kleine Kugel<\/figcaption><\/figure>\n\n\n\n<figure class=\"wp-block-image size-large\"><img loading=\"lazy\" decoding=\"async\" width=\"1024\" height=\"1024\" data-id=\"733\" src=\"http:\/\/handreamade.de\/wp-content\/uploads\/2019\/08\/2018-06-09_13.29.48-1024x1024.jpg\" alt=\"\" class=\"wp-image-733\" srcset=\"http:\/\/handreamade.de\/wp-content\/uploads\/2019\/08\/2018-06-09_13.29.48-1024x1024.jpg 1024w, http:\/\/handreamade.de\/wp-content\/uploads\/2019\/08\/2018-06-09_13.29.48-150x150.jpg 150w, http:\/\/handreamade.de\/wp-content\/uploads\/2019\/08\/2018-06-09_13.29.48-300x300.jpg 300w, http:\/\/handreamade.de\/wp-content\/uploads\/2019\/08\/2018-06-09_13.29.48-768x768.jpg 768w, http:\/\/handreamade.de\/wp-content\/uploads\/2019\/08\/2018-06-09_13.29.48.jpg 1080w\" sizes=\"auto, (max-width: 1024px) 100vw, 1024px\" \/><figcaption class=\"wp-element-caption\">Modelliert aus Knetbeton<\/figcaption><\/figure>\n\n\n\n<figure class=\"wp-block-image size-large\"><img loading=\"lazy\" decoding=\"async\" width=\"1024\" height=\"1024\" data-id=\"727\" src=\"http:\/\/handreamade.de\/wp-content\/uploads\/2019\/08\/2018-06-16_16.50.04-1024x1024.jpg\" alt=\"\" class=\"wp-image-727\" srcset=\"http:\/\/handreamade.de\/wp-content\/uploads\/2019\/08\/2018-06-16_16.50.04-1024x1024.jpg 1024w, http:\/\/handreamade.de\/wp-content\/uploads\/2019\/08\/2018-06-16_16.50.04-150x150.jpg 150w, http:\/\/handreamade.de\/wp-content\/uploads\/2019\/08\/2018-06-16_16.50.04-300x300.jpg 300w, http:\/\/handreamade.de\/wp-content\/uploads\/2019\/08\/2018-06-16_16.50.04-768x768.jpg 768w, http:\/\/handreamade.de\/wp-content\/uploads\/2019\/08\/2018-06-16_16.50.04.jpg 1080w\" sizes=\"auto, (max-width: 1024px) 100vw, 1024px\" \/><figcaption class=\"wp-element-caption\">Knetbeton<\/figcaption><\/figure>\n\n\n\n<figure class=\"wp-block-image size-large\"><img loading=\"lazy\" decoding=\"async\" width=\"1024\" height=\"1024\" data-id=\"722\" src=\"http:\/\/handreamade.de\/wp-content\/uploads\/2019\/08\/2018-06-25_21.35.14-1024x1024.jpg\" alt=\"\" class=\"wp-image-722\" srcset=\"http:\/\/handreamade.de\/wp-content\/uploads\/2019\/08\/2018-06-25_21.35.14-1024x1024.jpg 1024w, http:\/\/handreamade.de\/wp-content\/uploads\/2019\/08\/2018-06-25_21.35.14-150x150.jpg 150w, http:\/\/handreamade.de\/wp-content\/uploads\/2019\/08\/2018-06-25_21.35.14-300x300.jpg 300w, http:\/\/handreamade.de\/wp-content\/uploads\/2019\/08\/2018-06-25_21.35.14-768x768.jpg 768w, http:\/\/handreamade.de\/wp-content\/uploads\/2019\/08\/2018-06-25_21.35.14.jpg 1080w\" sizes=\"auto, (max-width: 1024px) 100vw, 1024px\" \/><figcaption class=\"wp-element-caption\">Gie\u00dftechnik<\/figcaption><\/figure>\n\n\n\n<figure class=\"wp-block-image size-large\"><img loading=\"lazy\" decoding=\"async\" width=\"1024\" height=\"1024\" data-id=\"702\" src=\"http:\/\/handreamade.de\/wp-content\/uploads\/2019\/08\/2018-11-17_12.45.05-1024x1024.jpg\" alt=\"\" class=\"wp-image-702\" srcset=\"http:\/\/handreamade.de\/wp-content\/uploads\/2019\/08\/2018-11-17_12.45.05-1024x1024.jpg 1024w, http:\/\/handreamade.de\/wp-content\/uploads\/2019\/08\/2018-11-17_12.45.05-150x150.jpg 150w, http:\/\/handreamade.de\/wp-content\/uploads\/2019\/08\/2018-11-17_12.45.05-300x300.jpg 300w, http:\/\/handreamade.de\/wp-content\/uploads\/2019\/08\/2018-11-17_12.45.05-768x768.jpg 768w, http:\/\/handreamade.de\/wp-content\/uploads\/2019\/08\/2018-11-17_12.45.05.jpg 1080w\" sizes=\"auto, (max-width: 1024px) 100vw, 1024px\" \/><figcaption class=\"wp-element-caption\">Weihnachtswerkstatt<\/figcaption><\/figure>\n\n\n\n<figure class=\"wp-block-image size-large\"><img loading=\"lazy\" decoding=\"async\" width=\"1024\" height=\"1024\" data-id=\"701\" src=\"http:\/\/handreamade.de\/wp-content\/uploads\/2019\/08\/2018-11-17_11.49.29-1024x1024.jpg\" alt=\"\" class=\"wp-image-701\" srcset=\"http:\/\/handreamade.de\/wp-content\/uploads\/2019\/08\/2018-11-17_11.49.29-1024x1024.jpg 1024w, http:\/\/handreamade.de\/wp-content\/uploads\/2019\/08\/2018-11-17_11.49.29-150x150.jpg 150w, http:\/\/handreamade.de\/wp-content\/uploads\/2019\/08\/2018-11-17_11.49.29-300x300.jpg 300w, http:\/\/handreamade.de\/wp-content\/uploads\/2019\/08\/2018-11-17_11.49.29-768x768.jpg 768w, http:\/\/handreamade.de\/wp-content\/uploads\/2019\/08\/2018-11-17_11.49.29.jpg 1080w\" sizes=\"auto, (max-width: 1024px) 100vw, 1024px\" \/><figcaption class=\"wp-element-caption\">Weihnachtswerkstatt<\/figcaption><\/figure>\n\n\n\n<figure class=\"wp-block-image size-large\"><img loading=\"lazy\" decoding=\"async\" width=\"1024\" height=\"1024\" data-id=\"700\" src=\"http:\/\/handreamade.de\/wp-content\/uploads\/2019\/08\/2018-11-24_12.06.22-1024x1024.jpg\" alt=\"\" class=\"wp-image-700\" srcset=\"http:\/\/handreamade.de\/wp-content\/uploads\/2019\/08\/2018-11-24_12.06.22-1024x1024.jpg 1024w, http:\/\/handreamade.de\/wp-content\/uploads\/2019\/08\/2018-11-24_12.06.22-150x150.jpg 150w, http:\/\/handreamade.de\/wp-content\/uploads\/2019\/08\/2018-11-24_12.06.22-300x300.jpg 300w, http:\/\/handreamade.de\/wp-content\/uploads\/2019\/08\/2018-11-24_12.06.22-768x768.jpg 768w, http:\/\/handreamade.de\/wp-content\/uploads\/2019\/08\/2018-11-24_12.06.22.jpg 1080w\" sizes=\"auto, (max-width: 1024px) 100vw, 1024px\" \/><figcaption class=\"wp-element-caption\">Weihnachtswerkstatt<\/figcaption><\/figure>\n\n\n\n<figure class=\"wp-block-image size-large\"><img loading=\"lazy\" decoding=\"async\" width=\"1024\" height=\"1024\" data-id=\"699\" src=\"http:\/\/handreamade.de\/wp-content\/uploads\/2019\/08\/2018-11-24_12.08.16-1024x1024.jpg\" alt=\"\" class=\"wp-image-699\" srcset=\"http:\/\/handreamade.de\/wp-content\/uploads\/2019\/08\/2018-11-24_12.08.16-1024x1024.jpg 1024w, http:\/\/handreamade.de\/wp-content\/uploads\/2019\/08\/2018-11-24_12.08.16-150x150.jpg 150w, http:\/\/handreamade.de\/wp-content\/uploads\/2019\/08\/2018-11-24_12.08.16-300x300.jpg 300w, http:\/\/handreamade.de\/wp-content\/uploads\/2019\/08\/2018-11-24_12.08.16-768x768.jpg 768w, http:\/\/handreamade.de\/wp-content\/uploads\/2019\/08\/2018-11-24_12.08.16.jpg 1080w\" sizes=\"auto, (max-width: 1024px) 100vw, 1024px\" \/><figcaption class=\"wp-element-caption\">Weihnachtswerkstatt<\/figcaption><\/figure>\n\n\n\n<figure class=\"wp-block-image size-large\"><img loading=\"lazy\" decoding=\"async\" width=\"1024\" height=\"1024\" data-id=\"698\" src=\"http:\/\/handreamade.de\/wp-content\/uploads\/2019\/08\/2018-12-01_13.38.16-1024x1024.jpg\" alt=\"\" class=\"wp-image-698\" srcset=\"http:\/\/handreamade.de\/wp-content\/uploads\/2019\/08\/2018-12-01_13.38.16-1024x1024.jpg 1024w, http:\/\/handreamade.de\/wp-content\/uploads\/2019\/08\/2018-12-01_13.38.16-150x150.jpg 150w, http:\/\/handreamade.de\/wp-content\/uploads\/2019\/08\/2018-12-01_13.38.16-300x300.jpg 300w, http:\/\/handreamade.de\/wp-content\/uploads\/2019\/08\/2018-12-01_13.38.16-768x768.jpg 768w, http:\/\/handreamade.de\/wp-content\/uploads\/2019\/08\/2018-12-01_13.38.16.jpg 1080w\" sizes=\"auto, (max-width: 1024px) 100vw, 1024px\" \/><figcaption class=\"wp-element-caption\">Weihnachtswerkstatt<\/figcaption><\/figure>\n\n\n\n<figure class=\"wp-block-image size-large\"><img loading=\"lazy\" decoding=\"async\" width=\"1024\" height=\"1024\" data-id=\"691\" src=\"http:\/\/handreamade.de\/wp-content\/uploads\/2019\/08\/inCollage_20181201_150314092-1024x1024.jpg\" alt=\"\" class=\"wp-image-691\" srcset=\"http:\/\/handreamade.de\/wp-content\/uploads\/2019\/08\/inCollage_20181201_150314092-1024x1024.jpg 1024w, http:\/\/handreamade.de\/wp-content\/uploads\/2019\/08\/inCollage_20181201_150314092-150x150.jpg 150w, http:\/\/handreamade.de\/wp-content\/uploads\/2019\/08\/inCollage_20181201_150314092-300x300.jpg 300w, http:\/\/handreamade.de\/wp-content\/uploads\/2019\/08\/inCollage_20181201_150314092-768x768.jpg 768w, http:\/\/handreamade.de\/wp-content\/uploads\/2019\/08\/inCollage_20181201_150314092.jpg 1920w\" sizes=\"auto, (max-width: 1024px) 100vw, 1024px\" \/><figcaption class=\"wp-element-caption\">Prickelsterne mit Teelicht-H\u00fclsen<\/figcaption><\/figure>\n\n\n\n<figure class=\"wp-block-image size-large\"><img loading=\"lazy\" decoding=\"async\" width=\"1024\" height=\"1024\" data-id=\"696\" src=\"http:\/\/handreamade.de\/wp-content\/uploads\/2019\/08\/2018-12-01_13.42.15-1024x1024.jpg\" alt=\"\" class=\"wp-image-696\" srcset=\"http:\/\/handreamade.de\/wp-content\/uploads\/2019\/08\/2018-12-01_13.42.15-1024x1024.jpg 1024w, http:\/\/handreamade.de\/wp-content\/uploads\/2019\/08\/2018-12-01_13.42.15-150x150.jpg 150w, http:\/\/handreamade.de\/wp-content\/uploads\/2019\/08\/2018-12-01_13.42.15-300x300.jpg 300w, http:\/\/handreamade.de\/wp-content\/uploads\/2019\/08\/2018-12-01_13.42.15-768x768.jpg 768w, http:\/\/handreamade.de\/wp-content\/uploads\/2019\/08\/2018-12-01_13.42.15.jpg 1080w\" sizes=\"auto, (max-width: 1024px) 100vw, 1024px\" \/><figcaption class=\"wp-element-caption\">Weihnachtswerkstatt &#8211; Spiel<\/figcaption><\/figure>\n\n\n\n<figure class=\"wp-block-image size-large\"><img loading=\"lazy\" decoding=\"async\" width=\"1024\" height=\"1024\" data-id=\"695\" src=\"http:\/\/handreamade.de\/wp-content\/uploads\/2019\/08\/2018-12-01_13.43.49-1024x1024.jpg\" alt=\"\" class=\"wp-image-695\" srcset=\"http:\/\/handreamade.de\/wp-content\/uploads\/2019\/08\/2018-12-01_13.43.49-1024x1024.jpg 1024w, http:\/\/handreamade.de\/wp-content\/uploads\/2019\/08\/2018-12-01_13.43.49-150x150.jpg 150w, http:\/\/handreamade.de\/wp-content\/uploads\/2019\/08\/2018-12-01_13.43.49-300x300.jpg 300w, http:\/\/handreamade.de\/wp-content\/uploads\/2019\/08\/2018-12-01_13.43.49-768x768.jpg 768w, http:\/\/handreamade.de\/wp-content\/uploads\/2019\/08\/2018-12-01_13.43.49.jpg 1080w\" sizes=\"auto, (max-width: 1024px) 100vw, 1024px\" \/><figcaption class=\"wp-element-caption\">Weihnachtswerkstatt &#8211; Spiel<\/figcaption><\/figure>\n\n\n\n<figure class=\"wp-block-image size-large\"><img loading=\"lazy\" decoding=\"async\" width=\"1024\" height=\"1024\" data-id=\"694\" src=\"http:\/\/handreamade.de\/wp-content\/uploads\/2019\/08\/2018-12-01_13.44.38-1024x1024.jpg\" alt=\"\" class=\"wp-image-694\" srcset=\"http:\/\/handreamade.de\/wp-content\/uploads\/2019\/08\/2018-12-01_13.44.38-1024x1024.jpg 1024w, http:\/\/handreamade.de\/wp-content\/uploads\/2019\/08\/2018-12-01_13.44.38-150x150.jpg 150w, http:\/\/handreamade.de\/wp-content\/uploads\/2019\/08\/2018-12-01_13.44.38-300x300.jpg 300w, http:\/\/handreamade.de\/wp-content\/uploads\/2019\/08\/2018-12-01_13.44.38-768x768.jpg 768w, http:\/\/handreamade.de\/wp-content\/uploads\/2019\/08\/2018-12-01_13.44.38.jpg 1080w\" sizes=\"auto, (max-width: 1024px) 100vw, 1024px\" \/><figcaption class=\"wp-element-caption\">Weihnachtswerkstatt &#8211; Spiel<\/figcaption><\/figure>\n\n\n\n<figure class=\"wp-block-image size-large\"><img loading=\"lazy\" decoding=\"async\" width=\"960\" height=\"960\" data-id=\"623\" src=\"http:\/\/handreamade.de\/wp-content\/uploads\/2018\/06\/img1512302290130-1.jpg\" alt=\"\" class=\"wp-image-623\" srcset=\"http:\/\/handreamade.de\/wp-content\/uploads\/2018\/06\/img1512302290130-1.jpg 960w, http:\/\/handreamade.de\/wp-content\/uploads\/2018\/06\/img1512302290130-1-150x150.jpg 150w, http:\/\/handreamade.de\/wp-content\/uploads\/2018\/06\/img1512302290130-1-300x300.jpg 300w, http:\/\/handreamade.de\/wp-content\/uploads\/2018\/06\/img1512302290130-1-768x768.jpg 768w\" sizes=\"auto, (max-width: 960px) 100vw, 960px\" \/><figcaption class=\"wp-element-caption\">Weihnachtswerkstatt<\/figcaption><\/figure>\n\n\n\n<figure class=\"wp-block-image size-large\"><img loading=\"lazy\" decoding=\"async\" width=\"960\" height=\"960\" data-id=\"622\" src=\"http:\/\/handreamade.de\/wp-content\/uploads\/2018\/06\/img1511717229737-1.jpg\" alt=\"\" class=\"wp-image-622\" srcset=\"http:\/\/handreamade.de\/wp-content\/uploads\/2018\/06\/img1511717229737-1.jpg 960w, http:\/\/handreamade.de\/wp-content\/uploads\/2018\/06\/img1511717229737-1-150x150.jpg 150w, http:\/\/handreamade.de\/wp-content\/uploads\/2018\/06\/img1511717229737-1-300x300.jpg 300w, http:\/\/handreamade.de\/wp-content\/uploads\/2018\/06\/img1511717229737-1-768x768.jpg 768w\" sizes=\"auto, (max-width: 960px) 100vw, 960px\" \/><figcaption class=\"wp-element-caption\">Weihnachtswerkstatt<\/figcaption><\/figure>\n\n\n\n<figure class=\"wp-block-image size-large\"><img loading=\"lazy\" decoding=\"async\" width=\"960\" height=\"960\" data-id=\"621\" src=\"http:\/\/handreamade.de\/wp-content\/uploads\/2018\/06\/img1511717133742.jpg\" alt=\"\" class=\"wp-image-621\" srcset=\"http:\/\/handreamade.de\/wp-content\/uploads\/2018\/06\/img1511717133742.jpg 960w, http:\/\/handreamade.de\/wp-content\/uploads\/2018\/06\/img1511717133742-150x150.jpg 150w, http:\/\/handreamade.de\/wp-content\/uploads\/2018\/06\/img1511717133742-300x300.jpg 300w, http:\/\/handreamade.de\/wp-content\/uploads\/2018\/06\/img1511717133742-768x768.jpg 768w\" sizes=\"auto, (max-width: 960px) 100vw, 960px\" \/><figcaption class=\"wp-element-caption\">Weihnachtswerkstatt<\/figcaption><\/figure>\n<\/figure>\n","protected":false},"excerpt":{"rendered":"<p>In der Evangelischen Familienbildungsst\u00e4tte Oldenburg (EFB) bzw. dem Familienzentrum Osternburg (FAZO) werden Kreativkurse und Themenhalbtage f\u00fcr Kinder und Erwachsene angeboten. Samstag, 11. M\u00e4rz 2023 von 14:30 &#8211; 15:45 Uhr&#8222;Ein Tag mit Elmar, dem buntkarierten Elefanten&#8220;Ein Kurs f\u00fcr Kinder mit Eltern \/ Gro\u00dfeltern; rund um das R\u00fcsseltier wird gebastelt, gespielt und gelacht. Samstag 06. Juni und <a class=\"more-link\" href=\"http:\/\/handreamade.de\/?page_id=638\">weiterlesen&#8230;<\/a><\/p>\n","protected":false},"author":1,"featured_media":0,"parent":636,"menu_order":2,"comment_status":"closed","ping_status":"closed","template":"","meta":{"footnotes":""},"class_list":["post-638","page","type-page","status-publish","hentry"],"_links":{"self":[{"href":"http:\/\/handreamade.de\/index.php?rest_route=\/wp\/v2\/pages\/638","targetHints":{"allow":["GET"]}}],"collection":[{"href":"http:\/\/handreamade.de\/index.php?rest_route=\/wp\/v2\/pages"}],"about":[{"href":"http:\/\/handreamade.de\/index.php?rest_route=\/wp\/v2\/types\/page"}],"author":[{"embeddable":true,"href":"http:\/\/handreamade.de\/index.php?rest_route=\/wp\/v2\/users\/1"}],"replies":[{"embeddable":true,"href":"http:\/\/handreamade.de\/index.php?rest_route=%2Fwp%2Fv2%2Fcomments&post=638"}],"version-history":[{"count":16,"href":"http:\/\/handreamade.de\/index.php?rest_route=\/wp\/v2\/pages\/638\/revisions"}],"predecessor-version":[{"id":1087,"href":"http:\/\/handreamade.de\/index.php?rest_route=\/wp\/v2\/pages\/638\/revisions\/1087"}],"up":[{"embeddable":true,"href":"http:\/\/handreamade.de\/index.php?rest_route=\/wp\/v2\/pages\/636"}],"wp:attachment":[{"href":"http:\/\/handreamade.de\/index.php?rest_route=%2Fwp%2Fv2%2Fmedia&parent=638"}],"curies":[{"name":"wp","href":"https:\/\/api.w.org\/{rel}","templated":true}]}}