{"id":640,"date":"2018-06-12T13:18:50","date_gmt":"2018-06-12T13:18:50","guid":{"rendered":"http:\/\/handreamade.de\/?page_id=640"},"modified":"2023-01-29T16:58:16","modified_gmt":"2023-01-29T16:58:16","slug":"volkshochschule-oldenburg-e-v","status":"publish","type":"page","link":"http:\/\/handreamade.de\/?page_id=640","title":{"rendered":"Volkshochschulen"},"content":{"rendered":"\n<p>Details zu den VHS-Kursen entnehmen Sie bitte den aktuellen Programmheften oder zeitnah nach Ver\u00f6ffentlichung dem online-Programm auf den Homepages der Volkshochschulen. <\/p>\n\n\n\n<h2 class=\"wp-block-heading\"><strong>Kurstermine VHS<\/strong><\/h2>\n\n\n\n<h4 class=\"wp-block-heading\">VHS<strong> Oldenburg<\/strong><\/h4>\n\n\n\n<p>Die Kurse in der Volkshochschule Oldenburg betreffen insbesondere Erwachsenenkurse. <\/p>\n\n\n\n<p><strong>Mai\/Fr\u00fchjahr und Herbst jeden Jahres<\/strong>:<br><strong>Kurs &#8222;P\u00e4dagogische Mitarbeiter*in an Grundschulen&#8220;. <\/strong><br>6 Module der insgesamt 130-st\u00fcndigen Fortbildung im Teilbereich &#8222;unterrichtsbegleitendes Angebot&#8220;. In diesen Teilmodulen stehen die altersangemessene Betreuung und Angebotsplanung in Betreuungs- oder Vertretungsstunden an Grundschulen durch p\u00e4dagogische Mitarbeiter im Vordergrund. Neben Wissen zum Entwicklungsstand, dem professionellen p\u00e4dagogischen Umgang und M\u00f6glichkeiten der Angebotsgestaltung in &#8222;fachfremdem&#8220; Unterricht wird dabei auf Fragen von Aufsicht, Haftung, Brandschutz und Hygiene eingegangen. <\/p>\n\n\n\n<h4 class=\"wp-block-heading\"><strong>VHS Hatten-Wardenburg<\/strong><\/h4>\n\n\n\n<p>In Zusammenarbeit mit der Volkshochschule Hatten-Wardenburg werden Kreativkurse f\u00fcr Kinder und Erwachsene angeboten.<\/p>\n\n\n\n<p>Neben den fest geplanten Kursen bei der Volkshochschule Hatten-Wardenburg sind zus\u00e4tzlich unter dem Label&#8220; Volkshochschule auf Bestellung&#8220; Kinderfest-Begleitungen oder Kinderbesch\u00e4ftigungen zu privaten Anl\u00e4ssen buchbar. Diese k\u00f6nnen nat\u00fcrlich auch direkt gebucht werden, verwenden Sie dazu die Kontaktm\u00f6glichkeiten auf dieser Homepage.<\/p>\n\n\n\n<p><strong>Freitag, 14. April 2023 von 15-17:15 Uhr<br>&#8222;Entdecke den Agenten in Dir&#8220;<\/strong><br>Ein Nachmittag f\u00fcr Kinder, an welchem sie zu &#8222;echten&#8220; Agenten ausgebildet werden: basteln, spielen, t\u00fcfteln!<br><\/p>\n\n\n\n<p><strong>Freitag, 14. April 2023 von 18 &#8211; 20:15 Uhr<br>Kurs &#8222;Schmuckst\u00fccke aus Feinbeton&#8220;<\/strong><br>Ein Erwachsenenkurs, in dem aus (vorbereiteten) Betonmedaillons individuelle Schmuckst\u00fccke gefertigt werden.<\/p>\n\n\n\n<p><strong>Montag, 10. Juli bis Freitag, 14. Juli 2023 jeweils von 9-15 Uhr<br>TalentCAMPus &#8222;Kunterbunt und buntverr\u00fcckt &#8211; Entdecke Dein Kreativtalent<\/strong>&#8222;<br>Eine experimentelle Kreativwoche in Zusammenarbeit mit Gunda Kanbach, P\u00e4dagogin und Fachkraft f\u00fcr \u00c4sthetische Bildung.<br>F\u00fcr Kinder von 8 bis 11 Jahren, die Lust an Farbe und experimentellem Gestalten haben.<br>Teilnahme an einzelnen Tagen leider nicht m\u00f6glich.<\/p>\n\n\n\n<div class=\"wp-block-columns is-layout-flex wp-container-core-columns-is-layout-9d6595d7 wp-block-columns-is-layout-flex\">\n<div class=\"wp-block-column is-layout-flow wp-block-column-is-layout-flow\" style=\"flex-basis:100%\">\n<figure class=\"wp-block-gallery has-nested-images columns-default is-cropped wp-block-gallery-1 is-layout-flex wp-block-gallery-is-layout-flex\">\n<figure class=\"wp-block-image size-large\"><img loading=\"lazy\" decoding=\"async\" width=\"1024\" height=\"1024\" data-id=\"1002\" src=\"http:\/\/handreamade.de\/wp-content\/uploads\/2021\/03\/inCollage_20200527_221623046-1-1024x1024.jpg\" alt=\"\" class=\"wp-image-1002\" srcset=\"http:\/\/handreamade.de\/wp-content\/uploads\/2021\/03\/inCollage_20200527_221623046-1-1024x1024.jpg 1024w, http:\/\/handreamade.de\/wp-content\/uploads\/2021\/03\/inCollage_20200527_221623046-1-300x300.jpg 300w, http:\/\/handreamade.de\/wp-content\/uploads\/2021\/03\/inCollage_20200527_221623046-1-150x150.jpg 150w, http:\/\/handreamade.de\/wp-content\/uploads\/2021\/03\/inCollage_20200527_221623046-1-768x768.jpg 768w, http:\/\/handreamade.de\/wp-content\/uploads\/2021\/03\/inCollage_20200527_221623046-1-1536x1536.jpg 1536w, http:\/\/handreamade.de\/wp-content\/uploads\/2021\/03\/inCollage_20200527_221623046-1.jpg 1920w\" sizes=\"auto, (max-width: 1024px) 100vw, 1024px\" \/><figcaption class=\"wp-element-caption\">Fertig gestaltete Medaillons und Anh\u00e4nger<\/figcaption><\/figure>\n\n\n\n<figure class=\"wp-block-image size-large\"><img loading=\"lazy\" decoding=\"async\" width=\"1024\" height=\"1024\" data-id=\"895\" src=\"http:\/\/handreamade.de\/wp-content\/uploads\/2019\/11\/inCollage_20191113_211723369-1024x1024.jpg\" alt=\"\" class=\"wp-image-895\" srcset=\"http:\/\/handreamade.de\/wp-content\/uploads\/2019\/11\/inCollage_20191113_211723369-1024x1024.jpg 1024w, http:\/\/handreamade.de\/wp-content\/uploads\/2019\/11\/inCollage_20191113_211723369-300x300.jpg 300w, http:\/\/handreamade.de\/wp-content\/uploads\/2019\/11\/inCollage_20191113_211723369-150x150.jpg 150w, http:\/\/handreamade.de\/wp-content\/uploads\/2019\/11\/inCollage_20191113_211723369-768x768.jpg 768w, http:\/\/handreamade.de\/wp-content\/uploads\/2019\/11\/inCollage_20191113_211723369-1536x1536.jpg 1536w, http:\/\/handreamade.de\/wp-content\/uploads\/2019\/11\/inCollage_20191113_211723369.jpg 1920w\" sizes=\"auto, (max-width: 1024px) 100vw, 1024px\" \/><figcaption class=\"wp-element-caption\">Schmuckst\u00fccke aus Feinbeton<\/figcaption><\/figure>\n\n\n\n<figure class=\"wp-block-image size-large\"><img loading=\"lazy\" decoding=\"async\" width=\"768\" height=\"1024\" data-id=\"923\" src=\"http:\/\/handreamade.de\/wp-content\/uploads\/2020\/04\/20200315_120341-768x1024.jpg\" alt=\"\" class=\"wp-image-923\" srcset=\"http:\/\/handreamade.de\/wp-content\/uploads\/2020\/04\/20200315_120341-768x1024.jpg 768w, http:\/\/handreamade.de\/wp-content\/uploads\/2020\/04\/20200315_120341-225x300.jpg 225w, http:\/\/handreamade.de\/wp-content\/uploads\/2020\/04\/20200315_120341-1152x1536.jpg 1152w, http:\/\/handreamade.de\/wp-content\/uploads\/2020\/04\/20200315_120341-1536x2048.jpg 1536w, http:\/\/handreamade.de\/wp-content\/uploads\/2020\/04\/20200315_120341-scaled.jpg 1920w\" sizes=\"auto, (max-width: 768px) 100vw, 768px\" \/><figcaption class=\"wp-element-caption\">Betonperlen zu Ohrringen &#8211; nicht so schwer, wie sie aussehen!<\/figcaption><\/figure>\n\n\n\n<figure class=\"wp-block-image size-large\"><img loading=\"lazy\" decoding=\"async\" width=\"1024\" height=\"767\" data-id=\"999\" src=\"http:\/\/handreamade.de\/wp-content\/uploads\/2021\/03\/20200312_061446-1-1024x767.jpg\" alt=\"\" class=\"wp-image-999\" srcset=\"http:\/\/handreamade.de\/wp-content\/uploads\/2021\/03\/20200312_061446-1-1024x767.jpg 1024w, http:\/\/handreamade.de\/wp-content\/uploads\/2021\/03\/20200312_061446-1-300x225.jpg 300w, http:\/\/handreamade.de\/wp-content\/uploads\/2021\/03\/20200312_061446-1-768x576.jpg 768w, http:\/\/handreamade.de\/wp-content\/uploads\/2021\/03\/20200312_061446-1-1536x1151.jpg 1536w, http:\/\/handreamade.de\/wp-content\/uploads\/2021\/03\/20200312_061446-1-350x263.jpg 350w, http:\/\/handreamade.de\/wp-content\/uploads\/2021\/03\/20200312_061446-1-250x188.jpg 250w, http:\/\/handreamade.de\/wp-content\/uploads\/2021\/03\/20200312_061446-1.jpg 2020w\" sizes=\"auto, (max-width: 1024px) 100vw, 1024px\" \/><figcaption class=\"wp-element-caption\">Betonperlen<\/figcaption><\/figure>\n\n\n\n<figure class=\"wp-block-image size-large\"><img loading=\"lazy\" decoding=\"async\" width=\"1024\" height=\"576\" data-id=\"1000\" src=\"http:\/\/handreamade.de\/wp-content\/uploads\/2021\/03\/20210301_080028-1-1024x576.jpg\" alt=\"\" class=\"wp-image-1000\" srcset=\"http:\/\/handreamade.de\/wp-content\/uploads\/2021\/03\/20210301_080028-1-1024x576.jpg 1024w, http:\/\/handreamade.de\/wp-content\/uploads\/2021\/03\/20210301_080028-1-300x169.jpg 300w, http:\/\/handreamade.de\/wp-content\/uploads\/2021\/03\/20210301_080028-1-768x432.jpg 768w, http:\/\/handreamade.de\/wp-content\/uploads\/2021\/03\/20210301_080028-1-1536x864.jpg 1536w, http:\/\/handreamade.de\/wp-content\/uploads\/2021\/03\/20210301_080028-1-2048x1152.jpg 2048w\" sizes=\"auto, (max-width: 1024px) 100vw, 1024px\" \/><figcaption class=\"wp-element-caption\">Betonperlen<\/figcaption><\/figure>\n\n\n\n<figure class=\"wp-block-image size-large\"><img loading=\"lazy\" decoding=\"async\" width=\"1024\" height=\"576\" data-id=\"1001\" src=\"http:\/\/handreamade.de\/wp-content\/uploads\/2021\/03\/20210301_090209-1-1024x576.jpg\" alt=\"\" class=\"wp-image-1001\" srcset=\"http:\/\/handreamade.de\/wp-content\/uploads\/2021\/03\/20210301_090209-1-1024x576.jpg 1024w, http:\/\/handreamade.de\/wp-content\/uploads\/2021\/03\/20210301_090209-1-300x169.jpg 300w, http:\/\/handreamade.de\/wp-content\/uploads\/2021\/03\/20210301_090209-1-768x432.jpg 768w, http:\/\/handreamade.de\/wp-content\/uploads\/2021\/03\/20210301_090209-1-1536x864.jpg 1536w, http:\/\/handreamade.de\/wp-content\/uploads\/2021\/03\/20210301_090209-1-2048x1152.jpg 2048w\" sizes=\"auto, (max-width: 1024px) 100vw, 1024px\" \/><figcaption class=\"wp-element-caption\">Stab-Medaillons aus Beton<\/figcaption><\/figure>\n\n\n\n<figure class=\"wp-block-image size-large\"><img loading=\"lazy\" decoding=\"async\" width=\"369\" height=\"369\" data-id=\"101\" src=\"http:\/\/handreamade.de\/wp-content\/uploads\/2017\/06\/FahrradschlauchSchmuck.jpg\" alt=\"\" class=\"wp-image-101\" srcset=\"http:\/\/handreamade.de\/wp-content\/uploads\/2017\/06\/FahrradschlauchSchmuck.jpg 369w, http:\/\/handreamade.de\/wp-content\/uploads\/2017\/06\/FahrradschlauchSchmuck-150x150.jpg 150w, http:\/\/handreamade.de\/wp-content\/uploads\/2017\/06\/FahrradschlauchSchmuck-300x300.jpg 300w, http:\/\/handreamade.de\/wp-content\/uploads\/2017\/06\/FahrradschlauchSchmuck-260x260.jpg 260w, http:\/\/handreamade.de\/wp-content\/uploads\/2017\/06\/FahrradschlauchSchmuck-290x290.jpg 290w, http:\/\/handreamade.de\/wp-content\/uploads\/2017\/06\/FahrradschlauchSchmuck-210x210.jpg 210w\" sizes=\"auto, (max-width: 369px) 100vw, 369px\" \/><figcaption class=\"wp-element-caption\">Schmuck aus Fahrradschl\u00e4uchen<\/figcaption><\/figure>\n\n\n\n<figure class=\"wp-block-image size-large\"><img loading=\"lazy\" decoding=\"async\" width=\"1024\" height=\"1024\" data-id=\"920\" src=\"http:\/\/handreamade.de\/wp-content\/uploads\/2020\/04\/inCollage_20191005_163632612-1024x1024.jpg\" alt=\"\" class=\"wp-image-920\" srcset=\"http:\/\/handreamade.de\/wp-content\/uploads\/2020\/04\/inCollage_20191005_163632612-1024x1024.jpg 1024w, http:\/\/handreamade.de\/wp-content\/uploads\/2020\/04\/inCollage_20191005_163632612-300x300.jpg 300w, http:\/\/handreamade.de\/wp-content\/uploads\/2020\/04\/inCollage_20191005_163632612-150x150.jpg 150w, http:\/\/handreamade.de\/wp-content\/uploads\/2020\/04\/inCollage_20191005_163632612-768x768.jpg 768w, http:\/\/handreamade.de\/wp-content\/uploads\/2020\/04\/inCollage_20191005_163632612-1536x1536.jpg 1536w, http:\/\/handreamade.de\/wp-content\/uploads\/2020\/04\/inCollage_20191005_163632612.jpg 1920w\" sizes=\"auto, (max-width: 1024px) 100vw, 1024px\" \/><figcaption class=\"wp-element-caption\">Papierperlen<\/figcaption><\/figure>\n\n\n\n<figure class=\"wp-block-image size-large\"><img loading=\"lazy\" decoding=\"async\" width=\"1024\" height=\"1024\" data-id=\"930\" src=\"http:\/\/handreamade.de\/wp-content\/uploads\/2020\/04\/inCollage_20200405_112005613-1-1024x1024.jpg\" alt=\"\" class=\"wp-image-930\" srcset=\"http:\/\/handreamade.de\/wp-content\/uploads\/2020\/04\/inCollage_20200405_112005613-1-1024x1024.jpg 1024w, http:\/\/handreamade.de\/wp-content\/uploads\/2020\/04\/inCollage_20200405_112005613-1-300x300.jpg 300w, http:\/\/handreamade.de\/wp-content\/uploads\/2020\/04\/inCollage_20200405_112005613-1-150x150.jpg 150w, http:\/\/handreamade.de\/wp-content\/uploads\/2020\/04\/inCollage_20200405_112005613-1-768x768.jpg 768w, http:\/\/handreamade.de\/wp-content\/uploads\/2020\/04\/inCollage_20200405_112005613-1-1536x1536.jpg 1536w, http:\/\/handreamade.de\/wp-content\/uploads\/2020\/04\/inCollage_20200405_112005613-1.jpg 1920w\" sizes=\"auto, (max-width: 1024px) 100vw, 1024px\" \/><figcaption class=\"wp-element-caption\">Upcycling: Tetrapack und Zeitschriften<\/figcaption><\/figure>\n<\/figure>\n<\/div>\n<\/div>\n\n\n\n<p><br><br><\/p>\n\n\n\n<h4 class=\"wp-block-heading\">Bisherige Kurse<\/h4>\n\n\n\n<figure class=\"wp-block-gallery has-nested-images columns-default is-cropped wp-block-gallery-2 is-layout-flex wp-block-gallery-is-layout-flex\">\n<figure class=\"wp-block-image size-large\"><img loading=\"lazy\" decoding=\"async\" width=\"1024\" height=\"1024\" data-id=\"921\" src=\"http:\/\/handreamade.de\/wp-content\/uploads\/2020\/04\/inCollage_20191008_080017774-1024x1024.jpg\" alt=\"\" class=\"wp-image-921\" srcset=\"http:\/\/handreamade.de\/wp-content\/uploads\/2020\/04\/inCollage_20191008_080017774-1024x1024.jpg 1024w, http:\/\/handreamade.de\/wp-content\/uploads\/2020\/04\/inCollage_20191008_080017774-300x300.jpg 300w, http:\/\/handreamade.de\/wp-content\/uploads\/2020\/04\/inCollage_20191008_080017774-150x150.jpg 150w, http:\/\/handreamade.de\/wp-content\/uploads\/2020\/04\/inCollage_20191008_080017774-768x768.jpg 768w, http:\/\/handreamade.de\/wp-content\/uploads\/2020\/04\/inCollage_20191008_080017774-1536x1536.jpg 1536w, http:\/\/handreamade.de\/wp-content\/uploads\/2020\/04\/inCollage_20191008_080017774.jpg 1920w\" sizes=\"auto, (max-width: 1024px) 100vw, 1024px\" \/><figcaption class=\"wp-element-caption\">Perlenzauber &#8211; Papierperlen<\/figcaption><\/figure>\n\n\n\n<figure class=\"wp-block-image size-large\"><img loading=\"lazy\" decoding=\"async\" width=\"1024\" height=\"1024\" data-id=\"895\" src=\"http:\/\/handreamade.de\/wp-content\/uploads\/2019\/11\/inCollage_20191113_211723369-1024x1024.jpg\" alt=\"\" class=\"wp-image-895\" srcset=\"http:\/\/handreamade.de\/wp-content\/uploads\/2019\/11\/inCollage_20191113_211723369-1024x1024.jpg 1024w, http:\/\/handreamade.de\/wp-content\/uploads\/2019\/11\/inCollage_20191113_211723369-300x300.jpg 300w, http:\/\/handreamade.de\/wp-content\/uploads\/2019\/11\/inCollage_20191113_211723369-150x150.jpg 150w, http:\/\/handreamade.de\/wp-content\/uploads\/2019\/11\/inCollage_20191113_211723369-768x768.jpg 768w, http:\/\/handreamade.de\/wp-content\/uploads\/2019\/11\/inCollage_20191113_211723369-1536x1536.jpg 1536w, http:\/\/handreamade.de\/wp-content\/uploads\/2019\/11\/inCollage_20191113_211723369.jpg 1920w\" sizes=\"auto, (max-width: 1024px) 100vw, 1024px\" \/><figcaption class=\"wp-element-caption\">Schmuckst\u00fccke aus Feinbeton<\/figcaption><\/figure>\n\n\n\n<figure class=\"wp-block-image size-large\"><img loading=\"lazy\" decoding=\"async\" width=\"1024\" height=\"1024\" data-id=\"712\" src=\"http:\/\/handreamade.de\/wp-content\/uploads\/2019\/08\/2018-09-21_07.29.08-1024x1024.jpg\" alt=\"\" class=\"wp-image-712\" srcset=\"http:\/\/handreamade.de\/wp-content\/uploads\/2019\/08\/2018-09-21_07.29.08-1024x1024.jpg 1024w, http:\/\/handreamade.de\/wp-content\/uploads\/2019\/08\/2018-09-21_07.29.08-150x150.jpg 150w, http:\/\/handreamade.de\/wp-content\/uploads\/2019\/08\/2018-09-21_07.29.08-300x300.jpg 300w, http:\/\/handreamade.de\/wp-content\/uploads\/2019\/08\/2018-09-21_07.29.08-768x768.jpg 768w, http:\/\/handreamade.de\/wp-content\/uploads\/2019\/08\/2018-09-21_07.29.08.jpg 1080w\" sizes=\"auto, (max-width: 1024px) 100vw, 1024px\" \/><figcaption class=\"wp-element-caption\">Kursimpressionen &#8222;Objekte aus Papierdraht&#8220;<\/figcaption><\/figure>\n\n\n\n<figure class=\"wp-block-image size-large\"><img loading=\"lazy\" decoding=\"async\" width=\"1024\" height=\"1024\" data-id=\"728\" src=\"http:\/\/handreamade.de\/wp-content\/uploads\/2019\/08\/2018-06-14_18.30.37-1024x1024.jpg\" alt=\"\" class=\"wp-image-728\" srcset=\"http:\/\/handreamade.de\/wp-content\/uploads\/2019\/08\/2018-06-14_18.30.37-1024x1024.jpg 1024w, http:\/\/handreamade.de\/wp-content\/uploads\/2019\/08\/2018-06-14_18.30.37-150x150.jpg 150w, http:\/\/handreamade.de\/wp-content\/uploads\/2019\/08\/2018-06-14_18.30.37-300x300.jpg 300w, http:\/\/handreamade.de\/wp-content\/uploads\/2019\/08\/2018-06-14_18.30.37-768x768.jpg 768w, http:\/\/handreamade.de\/wp-content\/uploads\/2019\/08\/2018-06-14_18.30.37.jpg 1080w\" sizes=\"auto, (max-width: 1024px) 100vw, 1024px\" \/><figcaption class=\"wp-element-caption\">Objekte aus Papierdraht<\/figcaption><\/figure>\n\n\n\n<figure class=\"wp-block-image size-large\"><img loading=\"lazy\" decoding=\"async\" width=\"1024\" height=\"1024\" data-id=\"676\" src=\"http:\/\/handreamade.de\/wp-content\/uploads\/2019\/08\/inCollage_20190312_075837813-1024x1024.jpg\" alt=\"\" class=\"wp-image-676\" srcset=\"http:\/\/handreamade.de\/wp-content\/uploads\/2019\/08\/inCollage_20190312_075837813-1024x1024.jpg 1024w, http:\/\/handreamade.de\/wp-content\/uploads\/2019\/08\/inCollage_20190312_075837813-150x150.jpg 150w, http:\/\/handreamade.de\/wp-content\/uploads\/2019\/08\/inCollage_20190312_075837813-300x300.jpg 300w, http:\/\/handreamade.de\/wp-content\/uploads\/2019\/08\/inCollage_20190312_075837813-768x768.jpg 768w, http:\/\/handreamade.de\/wp-content\/uploads\/2019\/08\/inCollage_20190312_075837813.jpg 1920w\" sizes=\"auto, (max-width: 1024px) 100vw, 1024px\" \/><figcaption class=\"wp-element-caption\">Kieselkunst<\/figcaption><\/figure>\n\n\n\n<figure class=\"wp-block-image size-large\"><img loading=\"lazy\" decoding=\"async\" width=\"1024\" height=\"1024\" data-id=\"678\" src=\"http:\/\/handreamade.de\/wp-content\/uploads\/2019\/08\/inCollage_20190310_123948455-1024x1024.jpg\" alt=\"\" class=\"wp-image-678\" srcset=\"http:\/\/handreamade.de\/wp-content\/uploads\/2019\/08\/inCollage_20190310_123948455-1024x1024.jpg 1024w, http:\/\/handreamade.de\/wp-content\/uploads\/2019\/08\/inCollage_20190310_123948455-150x150.jpg 150w, http:\/\/handreamade.de\/wp-content\/uploads\/2019\/08\/inCollage_20190310_123948455-300x300.jpg 300w, http:\/\/handreamade.de\/wp-content\/uploads\/2019\/08\/inCollage_20190310_123948455-768x768.jpg 768w, http:\/\/handreamade.de\/wp-content\/uploads\/2019\/08\/inCollage_20190310_123948455.jpg 1920w\" sizes=\"auto, (max-width: 1024px) 100vw, 1024px\" \/><figcaption class=\"wp-element-caption\">Schmuck aus Feinbeton<\/figcaption><\/figure>\n\n\n\n<figure class=\"wp-block-image size-large\"><img loading=\"lazy\" decoding=\"async\" width=\"960\" height=\"960\" data-id=\"624\" src=\"http:\/\/handreamade.de\/wp-content\/uploads\/2018\/06\/img1515839661686.jpg\" alt=\"\" class=\"wp-image-624\" srcset=\"http:\/\/handreamade.de\/wp-content\/uploads\/2018\/06\/img1515839661686.jpg 960w, http:\/\/handreamade.de\/wp-content\/uploads\/2018\/06\/img1515839661686-150x150.jpg 150w, http:\/\/handreamade.de\/wp-content\/uploads\/2018\/06\/img1515839661686-300x300.jpg 300w, http:\/\/handreamade.de\/wp-content\/uploads\/2018\/06\/img1515839661686-768x768.jpg 768w\" sizes=\"auto, (max-width: 960px) 100vw, 960px\" \/><figcaption class=\"wp-element-caption\">Badebomben<\/figcaption><\/figure>\n\n\n\n<figure class=\"wp-block-image size-large\"><img loading=\"lazy\" decoding=\"async\" width=\"1024\" height=\"1024\" data-id=\"869\" src=\"http:\/\/handreamade.de\/wp-content\/uploads\/2019\/09\/inCollage_20190927_181944525-1024x1024.jpg\" alt=\"\" class=\"wp-image-869\" srcset=\"http:\/\/handreamade.de\/wp-content\/uploads\/2019\/09\/inCollage_20190927_181944525-1024x1024.jpg 1024w, http:\/\/handreamade.de\/wp-content\/uploads\/2019\/09\/inCollage_20190927_181944525-150x150.jpg 150w, http:\/\/handreamade.de\/wp-content\/uploads\/2019\/09\/inCollage_20190927_181944525-300x300.jpg 300w, http:\/\/handreamade.de\/wp-content\/uploads\/2019\/09\/inCollage_20190927_181944525-768x768.jpg 768w, http:\/\/handreamade.de\/wp-content\/uploads\/2019\/09\/inCollage_20190927_181944525.jpg 1920w\" sizes=\"auto, (max-width: 1024px) 100vw, 1024px\" \/><figcaption class=\"wp-element-caption\">Kursimpressionen Kinderkurs &#8222;Agententraining&#8220;<\/figcaption><\/figure>\n<\/figure>\n","protected":false},"excerpt":{"rendered":"<p>Details zu den VHS-Kursen entnehmen Sie bitte den aktuellen Programmheften oder zeitnah nach Ver\u00f6ffentlichung dem online-Programm auf den Homepages der Volkshochschulen. Kurstermine VHS VHS Oldenburg Die Kurse in der Volkshochschule Oldenburg betreffen insbesondere Erwachsenenkurse. Mai\/Fr\u00fchjahr und Herbst jeden Jahres:Kurs &#8222;P\u00e4dagogische Mitarbeiter*in an Grundschulen&#8220;. 6 Module der insgesamt 130-st\u00fcndigen Fortbildung im Teilbereich &#8222;unterrichtsbegleitendes Angebot&#8220;. In diesen <a class=\"more-link\" href=\"http:\/\/handreamade.de\/?page_id=640\">weiterlesen&#8230;<\/a><\/p>\n","protected":false},"author":1,"featured_media":0,"parent":636,"menu_order":1,"comment_status":"closed","ping_status":"closed","template":"","meta":{"footnotes":""},"class_list":["post-640","page","type-page","status-publish","hentry"],"_links":{"self":[{"href":"http:\/\/handreamade.de\/index.php?rest_route=\/wp\/v2\/pages\/640","targetHints":{"allow":["GET"]}}],"collection":[{"href":"http:\/\/handreamade.de\/index.php?rest_route=\/wp\/v2\/pages"}],"about":[{"href":"http:\/\/handreamade.de\/index.php?rest_route=\/wp\/v2\/types\/page"}],"author":[{"embeddable":true,"href":"http:\/\/handreamade.de\/index.php?rest_route=\/wp\/v2\/users\/1"}],"replies":[{"embeddable":true,"href":"http:\/\/handreamade.de\/index.php?rest_route=%2Fwp%2Fv2%2Fcomments&post=640"}],"version-history":[{"count":48,"href":"http:\/\/handreamade.de\/index.php?rest_route=\/wp\/v2\/pages\/640\/revisions"}],"predecessor-version":[{"id":1089,"href":"http:\/\/handreamade.de\/index.php?rest_route=\/wp\/v2\/pages\/640\/revisions\/1089"}],"up":[{"embeddable":true,"href":"http:\/\/handreamade.de\/index.php?rest_route=\/wp\/v2\/pages\/636"}],"wp:attachment":[{"href":"http:\/\/handreamade.de\/index.php?rest_route=%2Fwp%2Fv2%2Fmedia&parent=640"}],"curies":[{"name":"wp","href":"https:\/\/api.w.org\/{rel}","templated":true}]}}