{"id":7,"date":"2017-07-02T11:59:18","date_gmt":"2017-07-02T11:59:18","guid":{"rendered":"http:\/\/handreamade.de\/?page_id=7"},"modified":"2023-01-29T17:07:28","modified_gmt":"2023-01-29T17:07:28","slug":"ueber-mich","status":"publish","type":"page","link":"http:\/\/handreamade.de\/?page_id=7","title":{"rendered":"\u00dcber mich"},"content":{"rendered":"\n<h2 class=\"wp-block-heading\">Kreativit\u00e4t ist meine Begeisterung!<\/h2>\n\n\n\n<p class=\"has-medium-font-size\">Lange versch\u00fcttet, habe ich meine kreative Seite vor einigen Jahren neu und wieder entdeckt.<\/p>\n\n\n\n<p>Dies bewog mich, meinen damaligen Beruf in der freien Wirtschaft aufzugeben und in einem komplett anderen beruflichen Zweig neu zu beginnen.<\/p>\n\n\n\n<p>Nachdem ich mich zun\u00e4chst einige Jahre als freiberufliche Honorarkraft bei verschiedenen \u00f6ffentlichen Tr\u00e4gern ausprobiert habe, habe ich zum Wintersemester 2019\/2020 ein Studium in Erziehungswissenschaften und Designp\u00e4dagogik an der Universit\u00e4t Vechta begonnen.<\/p>\n\n\n\n<p>Dies habe ich im Sommer 2023 mit einem Zweifachbachelor abgeschlossen und darf mich nun Designp\u00e4dagogin und Erziehungswissenschaftlerin (B.A.) nennen.<\/p>\n\n\n\n<p>Inzwischen bin ich bei einer regionalen Volkshochschule als Bildungsmanagerin  besch\u00e4ftigt und f\u00fcr die Programmplanung in den Bereichen Berufliche Bildung\/EDV und Kreativit\u00e4t verantwortlich.<\/p>\n\n\n\n<figure class=\"wp-block-image\"><img loading=\"lazy\" decoding=\"async\" width=\"683\" height=\"1024\" src=\"http:\/\/handreamade.de\/wp-content\/uploads\/2017\/07\/1-13x18-683x1024.jpg\" alt=\"\" class=\"wp-image-442\"\/><figcaption class=\"wp-element-caption\">Andrea Klarmann<\/figcaption><\/figure>\n\n\n\n<h2 class=\"wp-block-heading\">Der Ansatz meiner freiberuflichen Arbeit im <br>gestalterischen Bereich<\/h2>\n\n\n\n<p><strong>Kreativit\u00e4t kann man nicht kaufen. Aber JEDER hat sie.<\/strong><\/p>\n\n\n\n<p>Auch wenn viele Menschen von sich selbst Gegenteiliges behaupten.<br>Bei jedem stellt sie sich anders dar, man muss es nur zulassen!<\/p>\n\n\n\n<p><strong>Und das Allerwichtigste:<br>es gibt kein &#8222;RICHTIG&#8220; und kein &#8222;FALSCH&#8220;. <\/strong><br><strong>Einzig der Mut zum Ausprobieren ist entscheidend!<\/strong><\/p>\n\n\n\n<p>Ich freue mich darauf, auch Ihnen den Mut zu geben und sich auszuprobieren.<br>&#8222;Einfach mal machen&#8220; und sich daran zu erfreuen, wie Ihre\u00a0Kreativit\u00e4t sich ausdr\u00fccken kann!<\/p>\n\n\n\n<p>Dabei ist Kreativit\u00e4t f\u00fcr mich ebenso die Neugier, verschiedenste Materialien und Techniken auszuprobieren wie auch die\u00a0spannende (fast schon ungeduldige)\u00a0Erwartung, was alles daraus entstehen kann und\u00a0wird.<br>Geleitet werde ich dabei\u00a0von dem Grundgedanken, die Ideen mit leicht verf\u00fcgbaren Materialien umzusetzen.<br>Es fasziniert jedes Mal aufs Neue, was die eigene Fantasie an Ideen hervorbringt.<\/p>\n\n\n\n<p>So\u00a0entstehen individuelle St\u00fccke und Szenarien, die sich im Zeitablauf von der ersten Idee bis zur Fertigstellung oft in einzigartiger Weise wandeln. Und alles nur darin begr\u00fcndet, der Kreativit\u00e4t und der\u00a0Fantasie\u00a0freien Lauf gelassen zu haben! <\/p>\n\n\n\n<p><strong>Oder, um es in anderen Worten auszudr\u00fccken:<\/strong><\/p>\n\n\n\n<h2 class=\"has-text-align-center wp-block-heading\"> <strong>GESTALTEN ist ENTFALTEN!<\/strong><\/h2>\n","protected":false},"excerpt":{"rendered":"<p>Kreativit\u00e4t ist meine Begeisterung! Lange versch\u00fcttet, habe ich meine kreative Seite vor einigen Jahren neu und wieder entdeckt. Dies bewog mich, meinen damaligen Beruf in der freien Wirtschaft aufzugeben und in einem komplett anderen beruflichen Zweig neu zu beginnen. Nachdem ich mich zun\u00e4chst einige Jahre als freiberufliche Honorarkraft bei verschiedenen \u00f6ffentlichen Tr\u00e4gern ausprobiert habe, habe <a class=\"more-link\" href=\"http:\/\/handreamade.de\/?page_id=7\">weiterlesen&#8230;<\/a><\/p>\n","protected":false},"author":1,"featured_media":0,"parent":0,"menu_order":6,"comment_status":"closed","ping_status":"closed","template":"","meta":{"footnotes":""},"class_list":["post-7","page","type-page","status-publish","hentry"],"_links":{"self":[{"href":"http:\/\/handreamade.de\/index.php?rest_route=\/wp\/v2\/pages\/7","targetHints":{"allow":["GET"]}}],"collection":[{"href":"http:\/\/handreamade.de\/index.php?rest_route=\/wp\/v2\/pages"}],"about":[{"href":"http:\/\/handreamade.de\/index.php?rest_route=\/wp\/v2\/types\/page"}],"author":[{"embeddable":true,"href":"http:\/\/handreamade.de\/index.php?rest_route=\/wp\/v2\/users\/1"}],"replies":[{"embeddable":true,"href":"http:\/\/handreamade.de\/index.php?rest_route=%2Fwp%2Fv2%2Fcomments&post=7"}],"version-history":[{"count":37,"href":"http:\/\/handreamade.de\/index.php?rest_route=\/wp\/v2\/pages\/7\/revisions"}],"predecessor-version":[{"id":1091,"href":"http:\/\/handreamade.de\/index.php?rest_route=\/wp\/v2\/pages\/7\/revisions\/1091"}],"wp:attachment":[{"href":"http:\/\/handreamade.de\/index.php?rest_route=%2Fwp%2Fv2%2Fmedia&parent=7"}],"curies":[{"name":"wp","href":"https:\/\/api.w.org\/{rel}","templated":true}]}}