{"id":742,"date":"2019-08-22T14:34:27","date_gmt":"2019-08-22T14:34:27","guid":{"rendered":"http:\/\/handreamade.de\/?page_id=742"},"modified":"2023-01-29T14:23:03","modified_gmt":"2023-01-29T14:23:03","slug":"warum-kreativ-sein","status":"publish","type":"page","link":"http:\/\/handreamade.de\/?page_id=742","title":{"rendered":"Warum kreativ sein?"},"content":{"rendered":"\n<h3 class=\"wp-block-heading\">Wahrnehmung macht gl\u00fccklich!<\/h3>\n\n\n\n<p>Wer aufmerksam und offen f\u00fcr Eindr\u00fccke und Neues durch die Welt geht, ist gl\u00fccklicher. Ideen und Neues zulassen, wirken lassen und erst dann ein eigenes Bild machen.<\/p>\n\n\n\n<h4 class=\"wp-block-heading\">Warum f\u00e4llt das den meisten Menschen in der heutigen Zeit so schwer?<\/h4>\n\n\n\n<p>Unsere Zeit ist schnelllebig, <strong>wir sind gehetzt und unter Druck,<\/strong> dieses oder jenes noch zu schaffen, nichts zu verpassen und immer &#8222;up-to-date&#8220; zu sein. Leider entgehen uns damit die kleinen Dinge im Leben, die dies so sch\u00f6n machen.<\/p>\n\n\n\n<p>Anstatt sich am Augenblick zu erfreuen und sich Zeit zu nehmen, hetzen wir durch den Tag und denken dar\u00fcber nach, was &#8222;alles noch mal eben&#8220; oder bis XYZ erledigt werden muss.<br>Wir nehmen uns keine Zeit f\u00fcr uns und unsere eigenen Ideen.<\/p>\n\n\n\n<p>Dazu kommt das <strong>ausgepr\u00e4gte Perfektionismus-Streben<\/strong> unserer Gesellschaft. Das Ma\u00df legen wir dabei meist nicht an uns selber fest, sondern an dem, was offensichtlich von uns erwartet wird.<\/p>\n\n\n\n<p><strong>Wer sagt, dass wir das erf\u00fcllen m\u00fcssen? <\/strong>Ist es nicht besser f\u00fcr die eigene Zufriedenheit, sich nur an sich selbst zu messen und sich nicht mit anderen zu vergleichen und zu bewerten? Nat\u00fcrlich, ganz ohne bewerten, abw\u00e4gen und den Blick nach links und rechts geht es nicht, aber ein wenig h\u00e4ufiger in sich selbst hinein zu h\u00f6ren ist sicherlich f\u00fcr viele von uns ein Weg zum eigenen Gl\u00fcck.<\/p>\n\n\n\n<h4 class=\"wp-block-heading\"><strong>Kreatives Gestalten kann dabei helfen<\/strong>, <\/h4>\n\n\n\n<p>\nsich selbst wieder besser kennenzulernen. Durch Wahrnehmung und Bewegung\n werden unsere Sinne sensibilisiert, wir achten mehr auf das, was um uns\n herum passiert.\n\n<\/p>\n\n\n\n<p>Au\u00dferdem wird durch das kreative Gestalten eine Verbindung zwischen Emotion und Verstand gekn\u00fcpft, die rechte und die linke Gehirnh\u00e4lfte arbeiten wieder mehr zusammen ond kommen ins Gleichgewicht.<\/p>\n\n\n\n<h4 class=\"wp-block-heading\">Darauf einlassen ist das Zaubermittel.<\/h4>\n\n\n\n<p>\nDu hast eine Idee? Lass sie zu!<br>Intuitiv, ohne Bewertung und bestenfalls noch ohne nachzudenken!\n\n<\/p>\n\n\n\n<p>Das Versinken in unser Tun l\u00e4sst uns entspannen, ist ein Zustand \u00e4hnlich einer Meditation, der in der Psychologie auch als &#8222;Flow&#8220; bezeichnet wird.<\/p>\n\n\n\n<h4 class=\"wp-block-heading\">In meinen Veranstaltungen und Workshops biete ich an, sich frei kreativ und gestalterisch auszuleben und sich auf den Weg zu begeben, dies auch einmal zu erleben.<br>Eigene Ideen umsetzen, unbekannte Materialien ausprobieren und neue F\u00e4higkeiten entdecken.<\/h4>\n","protected":false},"excerpt":{"rendered":"<p>Wahrnehmung macht gl\u00fccklich! Wer aufmerksam und offen f\u00fcr Eindr\u00fccke und Neues durch die Welt geht, ist gl\u00fccklicher. Ideen und Neues zulassen, wirken lassen und erst dann ein eigenes Bild machen. Warum f\u00e4llt das den meisten Menschen in der heutigen Zeit so schwer? Unsere Zeit ist schnelllebig, wir sind gehetzt und unter Druck, dieses oder jenes <a class=\"more-link\" href=\"http:\/\/handreamade.de\/?page_id=742\">weiterlesen&#8230;<\/a><\/p>\n","protected":false},"author":1,"featured_media":0,"parent":0,"menu_order":1,"comment_status":"closed","ping_status":"closed","template":"","meta":{"footnotes":""},"class_list":["post-742","page","type-page","status-publish","hentry"],"_links":{"self":[{"href":"http:\/\/handreamade.de\/index.php?rest_route=\/wp\/v2\/pages\/742","targetHints":{"allow":["GET"]}}],"collection":[{"href":"http:\/\/handreamade.de\/index.php?rest_route=\/wp\/v2\/pages"}],"about":[{"href":"http:\/\/handreamade.de\/index.php?rest_route=\/wp\/v2\/types\/page"}],"author":[{"embeddable":true,"href":"http:\/\/handreamade.de\/index.php?rest_route=\/wp\/v2\/users\/1"}],"replies":[{"embeddable":true,"href":"http:\/\/handreamade.de\/index.php?rest_route=%2Fwp%2Fv2%2Fcomments&post=742"}],"version-history":[{"count":4,"href":"http:\/\/handreamade.de\/index.php?rest_route=\/wp\/v2\/pages\/742\/revisions"}],"predecessor-version":[{"id":976,"href":"http:\/\/handreamade.de\/index.php?rest_route=\/wp\/v2\/pages\/742\/revisions\/976"}],"wp:attachment":[{"href":"http:\/\/handreamade.de\/index.php?rest_route=%2Fwp%2Fv2%2Fmedia&parent=742"}],"curies":[{"name":"wp","href":"https:\/\/api.w.org\/{rel}","templated":true}]}}